{"id":6169,"date":"2025-01-02T07:30:59","date_gmt":"2025-01-02T07:30:59","guid":{"rendered":"https:\/\/www.hongtaivalve.com\/?post_type=product&#038;p=6169"},"modified":"2025-04-21T06:15:46","modified_gmt":"2025-04-21T06:15:46","slug":"hongtaivalve-stainless-steel-sample-valve-size-dn15-dn150-htv-sv001","status":"publish","type":"product","link":"https:\/\/www.hongtaivalve.com\/pt\/produto\/hongtaivalve-stainless-steel-sample-valve-size-dn15-dn150-htv-sv001\/","title":{"rendered":"V\u00e1lvula Hongtaivalve-V\u00e1lvula de amostra em a\u00e7o inoxid\u00e1vel-Tamanho DN15-DN150- HTV-SV001"},"content":{"rendered":"<h2>V\u00e1lvula de amostragem<\/h2>\n<div><\/div>\n<div>Our stainless steel sterile sampling valve is a premium solution designed for hygiene-critical applications in various industries. This valve comes in a compact, inline style with standard sizes ranging from 1\/2&#8243; to 2&#8243;, accommodating different pipeline systems.<\/div>\n<div><\/div>\n<div>The valve features a unique sterile design, where all wetted parts are crafted from high-grade SUS316L stainless steel, ensuring exceptional corrosion resistance and ease of cleaning. Its smooth interior surface and crevice-free construction facilitate efficient CIP and SIP processes, minimizing the risk of contamination.<\/div>\n<div><\/div>\n<div>Compared to conventional sampling valves, our sterile sampling valve boasts a superior sealing mechanism that guarantees a leak-tight connection even under high pressure and temperature conditions. The integrated sampling port allows for easy and safe collection of fluid samples without disrupting the process flow, ensuring the integrity of the sampled product.<\/div>\n<div><\/div>\n<div>This valve is ideally suited for installation in pipeline systems where sterile conditions are paramount, such as in the biopharmaceutical, food, and beverage industries. It is typically mounted in a convenient location along the pipeline, preferably after process filters or before filling stations, to ensure the accuracy and representativeness of the samples taken.<\/div>\n<div><\/div>\n<div>In summary, our stainless steel sterile sampling valve offers unparalleled hygiene, reliability, and ease of use, making it the preferred choice for sterile sampling in demanding industrial environments.<\/div>\n<p>&nbsp;<\/p>\n<h2><span style=\"color: #ff0000;\">Instru\u00e7\u00f5es de embalagem do produto\uff1a<\/span><\/h2>\n<p>Cada produto \u00e9 primeiro embalado individualmente num saco de espuma, depois cuidadosamente colocado numa caixa de cart\u00e3o designada. Por fim, \u00e9 paletizado ou embalado num caixote de madeira para exporta\u00e7\u00e3o. Todo o processo de embalagem \u00e9 rigorosamente executado para evitar quaisquer danos durante o transporte.<\/p>\n<p><a href=\"https:\/\/www.hongtaivalve.com\/wp-content\/uploads\/2025\/01\/sample-valve.jpg\"><img fetchpriority=\"high\" decoding=\"async\" class=\"alignnone size-full wp-image-6170\" src=\"https:\/\/www.hongtaivalve.com\/wp-content\/uploads\/2025\/01\/sample-valve.jpg\" alt=\"\" width=\"1000\" height=\"1000\" srcset=\"https:\/\/www.hongtaivalve.com\/wp-content\/uploads\/2025\/01\/sample-valve.jpg 1000w, https:\/\/www.hongtaivalve.com\/wp-content\/uploads\/2025\/01\/sample-valve-300x300.jpg 300w, https:\/\/www.hongtaivalve.com\/wp-content\/uploads\/2025\/01\/sample-valve-150x150.jpg 150w, https:\/\/www.hongtaivalve.com\/wp-content\/uploads\/2025\/01\/sample-valve-768x768.jpg 768w, https:\/\/www.hongtaivalve.com\/wp-content\/uploads\/2025\/01\/sample-valve-12x12.jpg 12w, https:\/\/www.hongtaivalve.com\/wp-content\/uploads\/2025\/01\/sample-valve-800x800.jpg 800w, https:\/\/www.hongtaivalve.com\/wp-content\/uploads\/2025\/01\/sample-valve-100x100.jpg 100w\" sizes=\"(max-width: 1000px) 100vw, 1000px\" \/><\/a><\/p>\n<p>&nbsp;<\/p>\n<p>&nbsp;<\/p>\n<p>&nbsp;<\/p>\n<p>&nbsp;<\/p>\n<p><strong>Sobre n\u00f3s<\/strong><\/p>\n<p>Na HongTai, somos especializados em v\u00e1lvulas sanit\u00e1rias de alta qualidade e acess\u00f3rios para tubos de a\u00e7o inoxid\u00e1vel, atendendo a ind\u00fastrias-chave como farmac\u00eautica, processamento de alimentos e produtos qu\u00edmicos. Fabricados em a\u00e7o inoxid\u00e1vel 304, 316 e 316L de primeira qualidade, os nossos produtos oferecem uma excelente resist\u00eancia \u00e0 corros\u00e3o e s\u00e3o fabricados utilizando t\u00e9cnicas de fabrico avan\u00e7adas, como o corte a laser e a soldadura de precis\u00e3o. Concebidas para higiene e integridade dos fluidos, as v\u00e1lvulas da HongTai s\u00e3o a escolha ideal para ind\u00fastrias que exigem uma limpeza \u00f3ptima e um desempenho duradouro.<\/p>\n<p><a href=\"https:\/\/www.hongtaivalve.com\/wp-content\/uploads\/2024\/12\/2efad8255a88820383829ce2a75fcb9-1.jpg\"><img decoding=\"async\" class=\"wp-image-5949 aligncenter\" src=\"https:\/\/www.hongtaivalve.com\/wp-content\/uploads\/2024\/12\/2efad8255a88820383829ce2a75fcb9-1.jpg\" alt=\"\" width=\"680\" height=\"440\" srcset=\"https:\/\/www.hongtaivalve.com\/wp-content\/uploads\/2024\/12\/2efad8255a88820383829ce2a75fcb9-1.jpg 985w, https:\/\/www.hongtaivalve.com\/wp-content\/uploads\/2024\/12\/2efad8255a88820383829ce2a75fcb9-1-300x194.jpg 300w, https:\/\/www.hongtaivalve.com\/wp-content\/uploads\/2024\/12\/2efad8255a88820383829ce2a75fcb9-1-768x497.jpg 768w, https:\/\/www.hongtaivalve.com\/wp-content\/uploads\/2024\/12\/2efad8255a88820383829ce2a75fcb9-1-18x12.jpg 18w, https:\/\/www.hongtaivalve.com\/wp-content\/uploads\/2024\/12\/2efad8255a88820383829ce2a75fcb9-1-800x518.jpg 800w\" sizes=\"(max-width: 680px) 100vw, 680px\" \/><\/a><\/p>\n<p><strong>Porqu\u00ea escolher-nos<\/strong><\/p>\n<p><strong>Garantia de qualidade:<\/strong>\u00a0Mantemos um controlo rigoroso de todas as fases de produ\u00e7\u00e3o, desde as mat\u00e9rias-primas at\u00e9 aos produtos acabados, garantindo a conformidade com a norma ISO9001 e certifica\u00e7\u00f5es internacionais, incluindo as normas 3A, DIN e ISO.<\/p>\n<p><strong>Experi\u00eancia no sector:<\/strong>\u00a0D\u00e9cadas de experi\u00eancia no fornecimento de solu\u00e7\u00f5es para ind\u00fastrias cr\u00edticas como a alimentar, a de bebidas e a farmac\u00eautica.<\/p>\n<p><strong>Tecnologia avan\u00e7ada:<\/strong>\u00a0As nossas instala\u00e7\u00f5es de \u00faltima gera\u00e7\u00e3o, incluindo tornos CNC e ferramentas de precis\u00e3o regularmente actualizados, garantem uma elevada precis\u00e3o de superf\u00edcie e toler\u00e2ncias apertadas para cada produto.<\/p>\n<p><strong>100% Inspe\u00e7\u00e3o:<\/strong>\u00a0Todos os produtos s\u00e3o submetidos a testes rigorosos, incluindo dete\u00e7\u00e3o de tamanho e de fugas nas v\u00e1lvulas, para garantir uma qualidade impec\u00e1vel antes de sa\u00edrem das nossas instala\u00e7\u00f5es.<\/p>\n<p><strong>Alcance global:<\/strong>\u00a0Empresas de todo o mundo confiam na nossa qualidade consistente e na entrega atempada.<\/p>\n<p>Escolha a HongTai para obter fiabilidade, desempenho e inova\u00e7\u00e3o inigual\u00e1veis em solu\u00e7\u00f5es de v\u00e1lvulas e acess\u00f3rios para tubos.<\/p>\n<p>&nbsp;<\/p>\n<p><strong>Contactar-nos<\/strong><br \/>\nPara mais informa\u00e7\u00f5es ou para discutir as suas necessidades, contacte-nos atrav\u00e9s de:<br \/>\nCorreio eletr\u00f3nico: ht@htcdf.com<br \/>\nwhatsapp: (86)18875809195<br \/>\nTamb\u00e9m pode visitar o nosso\u00a0<a href=\"https:\/\/www.hongtaivalve.com\/pt\/contact-us\/\" target=\"_blank\" rel=\"noopener\">Contactar-nos<\/a>\u00a0para mais formas de entrar em contacto.<\/p>\n<p>&nbsp;<\/p>","protected":false},"excerpt":{"rendered":"<table>\n<tbody>\n<tr>\n<td width=\"207\"><strong><b>Modelo n.<\/b><\/strong><\/td>\n<td width=\"217\">HT-SV001<\/td>\n<td width=\"214\"><strong>Material<\/strong><\/td>\n<td width=\"348\">SS304\uff0cSS316<\/td>\n<\/tr>\n<tr>\n<td><strong>Temperatura aplic\u00e1vel<\/strong><\/td>\n<td>-10\u2103 -130\u2103<\/td>\n<td><strong>Liga\u00e7\u00e3o<\/strong><\/td>\n<td>\u00a0bra\u00e7adeira, roscada, soldada, porca<\/td>\n<\/tr>\n<tr>\n<td><strong>Material de veda\u00e7\u00e3o<\/strong><\/td>\n<td>PTFE<\/td>\n<td><\/td>\n<td><\/td>\n<\/tr>\n<tr>\n<td><\/td>\n<td><\/td>\n<td><\/td>\n<td><\/td>\n<\/tr>\n<tr>\n<td><\/td>\n<td><\/td>\n<td><\/td>\n<td><\/td>\n<\/tr>\n<tr>\n<td><\/td>\n<td><\/td>\n<td><\/td>\n<td><\/td>\n<\/tr>\n<tr>\n<td><\/td>\n<td><\/td>\n<td><\/td>\n<td><\/td>\n<\/tr>\n<tr>\n<td><\/td>\n<td><\/td>\n<td><\/td>\n<td><\/td>\n<\/tr>\n<tr>\n<td><\/td>\n<td><\/td>\n<td><\/td>\n<td><\/td>\n<\/tr>\n<tr>\n<td><\/td>\n<td><\/td>\n<td><\/td>\n<td><\/td>\n<\/tr>\n<\/tbody>\n<\/table>","protected":false},"featured_media":6170,"comment_status":"open","ping_status":"closed","template":"","meta":[],"product_brand":[],"product_cat":[132],"product_tag":[],"class_list":{"0":"post-6169","1":"product","2":"type-product","3":"status-publish","4":"has-post-thumbnail","6":"product_cat-pumps","8":"first","9":"instock","10":"shipping-taxable","11":"product-type-simple"},"yoast_head":"<!-- This site is optimized with the Yoast SEO plugin v24.6 - https:\/\/yoast.com\/wordpress\/plugins\/seo\/ -->\n<title>Food grade-stainless steel ss304 sampling valve<\/title>\n<meta name=\"description\" content=\"stainless steel sterile sampling valve is a premium solution designed for hygiene applications in various industries,such as biopharmaceutical, food\" \/>\n<meta name=\"robots\" content=\"index, follow, max-snippet:-1, max-image-preview:large, max-video-preview:-1\" \/>\n<link rel=\"canonical\" href=\"https:\/\/www.hongtaivalve.com\/pt\/produto\/hongtaivalve-stainless-steel-sample-valve-size-dn15-dn150-htv-sv001\/\" \/>\n<meta property=\"og:locale\" content=\"pt_PT\" \/>\n<meta property=\"og:type\" content=\"article\" \/>\n<meta property=\"og:title\" content=\"Food grade-stainless steel ss304 sampling valve\" \/>\n<meta property=\"og:description\" content=\"stainless steel sterile sampling valve is a premium solution designed for hygiene applications in various industries,such as biopharmaceutical, food\" \/>\n<meta property=\"og:url\" content=\"https:\/\/www.hongtaivalve.com\/pt\/produto\/hongtaivalve-stainless-steel-sample-valve-size-dn15-dn150-htv-sv001\/\" \/>\n<meta property=\"og:site_name\" content=\"Wenzhou HongTai Fluid Equipment Co.Ltd\" \/>\n<meta property=\"article:modified_time\" content=\"2025-04-21T06:15:46+00:00\" \/>\n<meta property=\"og:image\" content=\"https:\/\/www.hongtaivalve.com\/wp-content\/uploads\/2025\/01\/sample-valve.jpg\" \/>\n\t<meta property=\"og:image:width\" content=\"1000\" \/>\n\t<meta property=\"og:image:height\" content=\"1000\" \/>\n\t<meta property=\"og:image:type\" content=\"image\/jpeg\" \/>\n<meta name=\"twitter:card\" content=\"summary_large_image\" \/>\n<meta name=\"twitter:label1\" content=\"Tempo estimado de leitura\" \/>\n\t<meta name=\"twitter:data1\" content=\"4 minutos\" \/>\n<script type=\"application\/ld+json\" class=\"yoast-schema-graph\">{\"@context\":\"https:\/\/schema.org\",\"@graph\":[{\"@type\":\"WebPage\",\"@id\":\"https:\/\/www.hongtaivalve.com\/product\/hongtaivalve-stainless-steel-sample-valve-size-dn15-dn150-htv-sv001\/\",\"url\":\"https:\/\/www.hongtaivalve.com\/product\/hongtaivalve-stainless-steel-sample-valve-size-dn15-dn150-htv-sv001\/\",\"name\":\"Food grade-stainless steel ss304 sampling valve\",\"isPartOf\":{\"@id\":\"https:\/\/www.hongtaivalve.com\/#website\"},\"primaryImageOfPage\":{\"@id\":\"https:\/\/www.hongtaivalve.com\/product\/hongtaivalve-stainless-steel-sample-valve-size-dn15-dn150-htv-sv001\/#primaryimage\"},\"image\":{\"@id\":\"https:\/\/www.hongtaivalve.com\/product\/hongtaivalve-stainless-steel-sample-valve-size-dn15-dn150-htv-sv001\/#primaryimage\"},\"thumbnailUrl\":\"https:\/\/www.hongtaivalve.com\/wp-content\/uploads\/2025\/01\/sample-valve.jpg\",\"datePublished\":\"2025-01-02T07:30:59+00:00\",\"dateModified\":\"2025-04-21T06:15:46+00:00\",\"description\":\"stainless steel sterile sampling valve is a premium solution designed for hygiene applications in various industries,such as biopharmaceutical, food\",\"breadcrumb\":{\"@id\":\"https:\/\/www.hongtaivalve.com\/product\/hongtaivalve-stainless-steel-sample-valve-size-dn15-dn150-htv-sv001\/#breadcrumb\"},\"inLanguage\":\"pt-PT\",\"potentialAction\":[{\"@type\":\"ReadAction\",\"target\":[\"https:\/\/www.hongtaivalve.com\/product\/hongtaivalve-stainless-steel-sample-valve-size-dn15-dn150-htv-sv001\/\"]}]},{\"@type\":\"ImageObject\",\"inLanguage\":\"pt-PT\",\"@id\":\"https:\/\/www.hongtaivalve.com\/product\/hongtaivalve-stainless-steel-sample-valve-size-dn15-dn150-htv-sv001\/#primaryimage\",\"url\":\"https:\/\/www.hongtaivalve.com\/wp-content\/uploads\/2025\/01\/sample-valve.jpg\",\"contentUrl\":\"https:\/\/www.hongtaivalve.com\/wp-content\/uploads\/2025\/01\/sample-valve.jpg\",\"width\":1000,\"height\":1000},{\"@type\":\"BreadcrumbList\",\"@id\":\"https:\/\/www.hongtaivalve.com\/product\/hongtaivalve-stainless-steel-sample-valve-size-dn15-dn150-htv-sv001\/#breadcrumb\",\"itemListElement\":[{\"@type\":\"ListItem\",\"position\":1,\"name\":\"\u9996\u9875\",\"item\":\"https:\/\/www.hongtaivalve.com\/\"},{\"@type\":\"ListItem\",\"position\":2,\"name\":\"Product\",\"item\":\"https:\/\/www.hongtaivalve.com\/product\/\"},{\"@type\":\"ListItem\",\"position\":3,\"name\":\"Hongtaivalve-Stainless Steel sample valve-Size DN15-DN150- HTV-SV001\"}]},{\"@type\":\"WebSite\",\"@id\":\"https:\/\/www.hongtaivalve.com\/#website\",\"url\":\"https:\/\/www.hongtaivalve.com\/\",\"name\":\"Wenzhou HongTai Fluid Equipment Co.Ltd\",\"description\":\"\",\"potentialAction\":[{\"@type\":\"SearchAction\",\"target\":{\"@type\":\"EntryPoint\",\"urlTemplate\":\"https:\/\/www.hongtaivalve.com\/?s={search_term_string}\"},\"query-input\":{\"@type\":\"PropertyValueSpecification\",\"valueRequired\":true,\"valueName\":\"search_term_string\"}}],\"inLanguage\":\"pt-PT\"}]}<\/script>\n<!-- \/ Yoast SEO plugin. -->","yoast_head_json":{"title":"Food grade-stainless steel ss304 sampling valve","description":"stainless steel sterile sampling valve is a premium solution designed for hygiene applications in various industries,such as biopharmaceutical, food","robots":{"index":"index","follow":"follow","max-snippet":"max-snippet:-1","max-image-preview":"max-image-preview:large","max-video-preview":"max-video-preview:-1"},"canonical":"https:\/\/www.hongtaivalve.com\/pt\/produto\/hongtaivalve-stainless-steel-sample-valve-size-dn15-dn150-htv-sv001\/","og_locale":"pt_PT","og_type":"article","og_title":"Food grade-stainless steel ss304 sampling valve","og_description":"stainless steel sterile sampling valve is a premium solution designed for hygiene applications in various industries,such as biopharmaceutical, food","og_url":"https:\/\/www.hongtaivalve.com\/pt\/produto\/hongtaivalve-stainless-steel-sample-valve-size-dn15-dn150-htv-sv001\/","og_site_name":"Wenzhou HongTai Fluid Equipment Co.Ltd","article_modified_time":"2025-04-21T06:15:46+00:00","og_image":[{"width":1000,"height":1000,"url":"https:\/\/www.hongtaivalve.com\/wp-content\/uploads\/2025\/01\/sample-valve.jpg","type":"image\/jpeg"}],"twitter_card":"summary_large_image","twitter_misc":{"Tempo estimado de leitura":"4 minutos"},"schema":{"@context":"https:\/\/schema.org","@graph":[{"@type":"WebPage","@id":"https:\/\/www.hongtaivalve.com\/product\/hongtaivalve-stainless-steel-sample-valve-size-dn15-dn150-htv-sv001\/","url":"https:\/\/www.hongtaivalve.com\/product\/hongtaivalve-stainless-steel-sample-valve-size-dn15-dn150-htv-sv001\/","name":"Food grade-stainless steel ss304 sampling valve","isPartOf":{"@id":"https:\/\/www.hongtaivalve.com\/#website"},"primaryImageOfPage":{"@id":"https:\/\/www.hongtaivalve.com\/product\/hongtaivalve-stainless-steel-sample-valve-size-dn15-dn150-htv-sv001\/#primaryimage"},"image":{"@id":"https:\/\/www.hongtaivalve.com\/product\/hongtaivalve-stainless-steel-sample-valve-size-dn15-dn150-htv-sv001\/#primaryimage"},"thumbnailUrl":"https:\/\/www.hongtaivalve.com\/wp-content\/uploads\/2025\/01\/sample-valve.jpg","datePublished":"2025-01-02T07:30:59+00:00","dateModified":"2025-04-21T06:15:46+00:00","description":"stainless steel sterile sampling valve is a premium solution designed for hygiene applications in various industries,such as biopharmaceutical, food","breadcrumb":{"@id":"https:\/\/www.hongtaivalve.com\/product\/hongtaivalve-stainless-steel-sample-valve-size-dn15-dn150-htv-sv001\/#breadcrumb"},"inLanguage":"pt-PT","potentialAction":[{"@type":"ReadAction","target":["https:\/\/www.hongtaivalve.com\/product\/hongtaivalve-stainless-steel-sample-valve-size-dn15-dn150-htv-sv001\/"]}]},{"@type":"ImageObject","inLanguage":"pt-PT","@id":"https:\/\/www.hongtaivalve.com\/product\/hongtaivalve-stainless-steel-sample-valve-size-dn15-dn150-htv-sv001\/#primaryimage","url":"https:\/\/www.hongtaivalve.com\/wp-content\/uploads\/2025\/01\/sample-valve.jpg","contentUrl":"https:\/\/www.hongtaivalve.com\/wp-content\/uploads\/2025\/01\/sample-valve.jpg","width":1000,"height":1000},{"@type":"BreadcrumbList","@id":"https:\/\/www.hongtaivalve.com\/product\/hongtaivalve-stainless-steel-sample-valve-size-dn15-dn150-htv-sv001\/#breadcrumb","itemListElement":[{"@type":"ListItem","position":1,"name":"\u9996\u9875","item":"https:\/\/www.hongtaivalve.com\/"},{"@type":"ListItem","position":2,"name":"Product","item":"https:\/\/www.hongtaivalve.com\/product\/"},{"@type":"ListItem","position":3,"name":"Hongtaivalve-Stainless Steel sample valve-Size DN15-DN150- HTV-SV001"}]},{"@type":"WebSite","@id":"https:\/\/www.hongtaivalve.com\/#website","url":"https:\/\/www.hongtaivalve.com\/","name":"Wenzhou HongTai Fluid Equipment Co.Ltd","description":"","potentialAction":[{"@type":"SearchAction","target":{"@type":"EntryPoint","urlTemplate":"https:\/\/www.hongtaivalve.com\/?s={search_term_string}"},"query-input":{"@type":"PropertyValueSpecification","valueRequired":true,"valueName":"search_term_string"}}],"inLanguage":"pt-PT"}]}},"_links":{"self":[{"href":"https:\/\/www.hongtaivalve.com\/pt\/wp-json\/wp\/v2\/product\/6169","targetHints":{"allow":["GET"]}}],"collection":[{"href":"https:\/\/www.hongtaivalve.com\/pt\/wp-json\/wp\/v2\/product"}],"about":[{"href":"https:\/\/www.hongtaivalve.com\/pt\/wp-json\/wp\/v2\/types\/product"}],"replies":[{"embeddable":true,"href":"https:\/\/www.hongtaivalve.com\/pt\/wp-json\/wp\/v2\/comments?post=6169"}],"wp:featuredmedia":[{"embeddable":true,"href":"https:\/\/www.hongtaivalve.com\/pt\/wp-json\/wp\/v2\/media\/6170"}],"wp:attachment":[{"href":"https:\/\/www.hongtaivalve.com\/pt\/wp-json\/wp\/v2\/media?parent=6169"}],"wp:term":[{"taxonomy":"product_brand","embeddable":true,"href":"https:\/\/www.hongtaivalve.com\/pt\/wp-json\/wp\/v2\/product_brand?post=6169"},{"taxonomy":"product_cat","embeddable":true,"href":"https:\/\/www.hongtaivalve.com\/pt\/wp-json\/wp\/v2\/product_cat?post=6169"},{"taxonomy":"product_tag","embeddable":true,"href":"https:\/\/www.hongtaivalve.com\/pt\/wp-json\/wp\/v2\/product_tag?post=6169"}],"curies":[{"name":"wp","href":"https:\/\/api.w.org\/{rel}","templated":true}]}}