{"id":6171,"date":"2025-01-02T07:53:27","date_gmt":"2025-01-02T07:53:27","guid":{"rendered":"https:\/\/www.hongtaivalve.com\/?post_type=product&#038;p=6171"},"modified":"2025-04-21T06:04:53","modified_gmt":"2025-04-21T06:04:53","slug":"hongtaivalve-self-priming-pump-size-dn15-dn150-htv-spp001","status":"publish","type":"product","link":"https:\/\/www.hongtaivalve.com\/pt\/produto\/hongtaivalve-self-priming-pump-size-dn15-dn150-htv-spp001\/","title":{"rendered":"Bomba auto-ferrante Hongtaivalve-Tamanho DN15-DN150- HTV-SPP001"},"content":{"rendered":"<h2>Aplica\u00e7\u00e3o<\/h2>\n<p>Pode ser utilizada como uma bomba de refluxo auto-ferrante num sistema CIP ou como uma bomba centr\u00edfuga para fornecer um material com uma viscosidade m\u00e1xima de 500CP.S (mPas). A bomba tem as vantagens t\u00e9cnicas de alta efici\u00eancia, baixo ru\u00eddo, alta limpeza e f\u00e1cil limpeza das partes l\u00edquidas. A bomba foi concebida com um impulsor principal para reduzir a cavita\u00e7\u00e3o necess\u00e1ria da bomba. A bomba centr\u00edfuga autoaspirante \u00e9 adequada para ind\u00fastrias de processamento de alimentos, farmac\u00eautica e qu\u00edmica. Foi concebida para bombear materiais que contenham ar ou g\u00e1s. Pode ser utilizada em inala\u00e7\u00e3o negativa com equipamento priorit\u00e1rio de aspira\u00e7\u00e3o e filtragem.<\/p>\n<div>\n<div>The sanitary self-priming pump is a highly efficient and economical centrifugal pump specifically designed for hygiene-critical applications. Its key features include:<\/div>\n<div><\/div>\n<div>\u00a0 \u2022 Self-priming capability: It can draw liquid from a lower level without the need for external priming, simplifying operation.<\/div>\n<div><\/div>\n<div>\u00a0 \u2022 Hygienic design: All wetted parts are made of SUS304 or SUS316L stainless steel, ensuring corrosion resistance and easy cleaning.<\/div>\n<div><\/div>\n<div>\u00a0 \u2022 Smooth interior: The interior is mirror-polished with no dead corners, preventing fluid retention and facilitating CIP (Clean-In-Place) and SIP (Sterilize-In-Place) processes.<\/div>\n<div><\/div>\n<div>\u00a0 \u2022 Quiet operation: The pump runs smoothly with low noise, minimizing disruption in sensitive environments.<\/div>\n<div><\/div>\n<div>\u00a0 \u2022 Wide applicability: Suitable for handling a variety of fluids in the food, pharmaceutical, and cosmetics industries.<\/div>\n<div><\/div>\n<div>These features make it an ideal choice for hygiene-sensitive processes requiring reliable and efficient fluid handling.<\/div>\n<\/div>\n<p>&nbsp;<\/p>\n<h2><span style=\"color: #ff0000;\">Instru\u00e7\u00f5es de embalagem do produto\uff1a<\/span><\/h2>\n<p>Cada produto \u00e9 primeiro embalado individualmente num saco de espuma, depois cuidadosamente colocado numa caixa de cart\u00e3o designada. Por fim, \u00e9 paletizado ou embalado num caixote de madeira para exporta\u00e7\u00e3o. Todo o processo de embalagem \u00e9 rigorosamente executado para evitar quaisquer danos durante o transporte.<\/p>\n<p><a href=\"https:\/\/www.hongtaivalve.com\/wp-content\/uploads\/2025\/01\/self-priming-pump.jpg\"><img fetchpriority=\"high\" decoding=\"async\" class=\"alignnone size-full wp-image-6172\" src=\"https:\/\/www.hongtaivalve.com\/wp-content\/uploads\/2025\/01\/self-priming-pump.jpg\" alt=\"\" width=\"800\" height=\"800\" srcset=\"https:\/\/www.hongtaivalve.com\/wp-content\/uploads\/2025\/01\/self-priming-pump.jpg 800w, https:\/\/www.hongtaivalve.com\/wp-content\/uploads\/2025\/01\/self-priming-pump-300x300.jpg 300w, https:\/\/www.hongtaivalve.com\/wp-content\/uploads\/2025\/01\/self-priming-pump-150x150.jpg 150w, https:\/\/www.hongtaivalve.com\/wp-content\/uploads\/2025\/01\/self-priming-pump-768x768.jpg 768w, https:\/\/www.hongtaivalve.com\/wp-content\/uploads\/2025\/01\/self-priming-pump-12x12.jpg 12w, https:\/\/www.hongtaivalve.com\/wp-content\/uploads\/2025\/01\/self-priming-pump-100x100.jpg 100w\" sizes=\"(max-width: 800px) 100vw, 800px\" \/><\/a><\/p>\n<p>&nbsp;<\/p>\n<p>&nbsp;<\/p>\n<p>&nbsp;<\/p>\n<p>&nbsp;<\/p>\n<p>&nbsp;<\/p>\n<p><strong>Sobre n\u00f3s<\/strong><\/p>\n<p>Na HongTai, somos especializados em v\u00e1lvulas sanit\u00e1rias de alta qualidade e acess\u00f3rios para tubos de a\u00e7o inoxid\u00e1vel, atendendo a ind\u00fastrias-chave como farmac\u00eautica, processamento de alimentos e produtos qu\u00edmicos. Fabricados em a\u00e7o inoxid\u00e1vel 304, 316 e 316L de primeira qualidade, os nossos produtos oferecem uma excelente resist\u00eancia \u00e0 corros\u00e3o e s\u00e3o fabricados utilizando t\u00e9cnicas de fabrico avan\u00e7adas, como o corte a laser e a soldadura de precis\u00e3o. Concebidas para higiene e integridade dos fluidos, as v\u00e1lvulas da HongTai s\u00e3o a escolha ideal para ind\u00fastrias que exigem uma limpeza \u00f3ptima e um desempenho duradouro.<\/p>\n<p><a href=\"https:\/\/www.hongtaivalve.com\/wp-content\/uploads\/2024\/12\/2efad8255a88820383829ce2a75fcb9-1.jpg\"><img decoding=\"async\" class=\"wp-image-5949 aligncenter\" src=\"https:\/\/www.hongtaivalve.com\/wp-content\/uploads\/2024\/12\/2efad8255a88820383829ce2a75fcb9-1.jpg\" alt=\"\" width=\"680\" height=\"440\" srcset=\"https:\/\/www.hongtaivalve.com\/wp-content\/uploads\/2024\/12\/2efad8255a88820383829ce2a75fcb9-1.jpg 985w, https:\/\/www.hongtaivalve.com\/wp-content\/uploads\/2024\/12\/2efad8255a88820383829ce2a75fcb9-1-300x194.jpg 300w, https:\/\/www.hongtaivalve.com\/wp-content\/uploads\/2024\/12\/2efad8255a88820383829ce2a75fcb9-1-768x497.jpg 768w, https:\/\/www.hongtaivalve.com\/wp-content\/uploads\/2024\/12\/2efad8255a88820383829ce2a75fcb9-1-18x12.jpg 18w, https:\/\/www.hongtaivalve.com\/wp-content\/uploads\/2024\/12\/2efad8255a88820383829ce2a75fcb9-1-800x518.jpg 800w\" sizes=\"(max-width: 680px) 100vw, 680px\" \/><\/a><\/p>\n<p><strong>Porqu\u00ea escolher-nos<\/strong><\/p>\n<p><strong>Garantia de qualidade:<\/strong>\u00a0Mantemos um controlo rigoroso de todas as fases de produ\u00e7\u00e3o, desde as mat\u00e9rias-primas at\u00e9 aos produtos acabados, garantindo a conformidade com a norma ISO9001 e certifica\u00e7\u00f5es internacionais, incluindo as normas 3A, DIN e ISO.<\/p>\n<p><strong>Experi\u00eancia no sector:<\/strong>\u00a0D\u00e9cadas de experi\u00eancia no fornecimento de solu\u00e7\u00f5es para ind\u00fastrias cr\u00edticas como a alimentar, a de bebidas e a farmac\u00eautica.<\/p>\n<p><strong>Tecnologia avan\u00e7ada:<\/strong>\u00a0As nossas instala\u00e7\u00f5es de \u00faltima gera\u00e7\u00e3o, incluindo tornos CNC e ferramentas de precis\u00e3o regularmente actualizados, garantem uma elevada precis\u00e3o de superf\u00edcie e toler\u00e2ncias apertadas para cada produto.<\/p>\n<p><strong>100% Inspe\u00e7\u00e3o:<\/strong>\u00a0Todos os produtos s\u00e3o submetidos a testes rigorosos, incluindo dete\u00e7\u00e3o de tamanho e de fugas nas v\u00e1lvulas, para garantir uma qualidade impec\u00e1vel antes de sa\u00edrem das nossas instala\u00e7\u00f5es.<\/p>\n<p><strong>Alcance global:<\/strong>\u00a0Empresas de todo o mundo confiam na nossa qualidade consistente e na entrega atempada.<\/p>\n<p>Escolha a HongTai para obter fiabilidade, desempenho e inova\u00e7\u00e3o inigual\u00e1veis em solu\u00e7\u00f5es de v\u00e1lvulas e acess\u00f3rios para tubos.<\/p>\n<p>&nbsp;<\/p>\n<p><strong>Contactar-nos<\/strong><br \/>\nPara mais informa\u00e7\u00f5es ou para discutir as suas necessidades, contacte-nos atrav\u00e9s de:<br \/>\nCorreio eletr\u00f3nico: ht@htcdf.com<br \/>\nwhatsapp: (86)18875809195<br \/>\nTamb\u00e9m pode visitar o nosso\u00a0<a href=\"https:\/\/www.hongtaivalve.com\/pt\/contact-us\/\" target=\"_blank\" rel=\"noopener\">Contactar-nos<\/a>\u00a0para mais formas de entrar em contacto.<\/p>\n<p>&nbsp;<\/p>","protected":false},"excerpt":{"rendered":"<table>\n<tbody>\n<tr>\n<td width=\"207\"><strong><b>Modelo n.<\/b><\/strong><\/td>\n<td width=\"217\">HT-SPP001<\/td>\n<td width=\"214\"><strong>Material<\/strong><\/td>\n<td width=\"348\">SS304\uff0cSS306<\/td>\n<\/tr>\n<tr>\n<td><strong>Caudal m\u00e1ximo Caudal m\u00e1ximo<\/strong><\/td>\n<td>50m\u00b3\/h<\/td>\n<td><strong>Tratamento de superf\u00edcie<\/strong><\/td>\n<td>\u2264 Ra0.8\u03bcm, \u2264 Ra0.6\u03bcm, \u2264 Ra0.4\u03bcm<\/td>\n<\/tr>\n<tr>\n<td><strong>Cabe\u00e7a m\u00e1xima Cabe\u00e7a m\u00e1xima<\/strong><\/td>\n<td>\u00a070 H\/M<\/td>\n<td><strong>Veda\u00e7\u00e3o mec\u00e2nica<\/strong><\/td>\n<td>veda\u00e7\u00e3o simples da m\u00e1quina, veda\u00e7\u00e3o dupla da m\u00e1quina<\/td>\n<\/tr>\n<tr>\n<td><strong>Temperatura m\u00e1xima Temperatura m\u00e1xima<\/strong><\/td>\n<td>-20 \u00b0 C a 150 \u00b0 C<\/td>\n<td><strong>Liga\u00e7\u00f5es de entrada\/sa\u00edda<\/strong><\/td>\n<td>Rosca, bra\u00e7adeira, flange, flange ass\u00e9ptica<\/td>\n<\/tr>\n<tr>\n<td><\/td>\n<td><\/td>\n<td><\/td>\n<td><\/td>\n<\/tr>\n<tr>\n<td><\/td>\n<td><\/td>\n<td><\/td>\n<td><\/td>\n<\/tr>\n<tr>\n<td><\/td>\n<td><\/td>\n<td><\/td>\n<td><\/td>\n<\/tr>\n<tr>\n<td><\/td>\n<td><\/td>\n<td><\/td>\n<td><\/td>\n<\/tr>\n<tr>\n<td><\/td>\n<td><\/td>\n<td><\/td>\n<td><\/td>\n<\/tr>\n<tr>\n<td><\/td>\n<td><\/td>\n<td><\/td>\n<td><\/td>\n<\/tr>\n<\/tbody>\n<\/table>","protected":false},"featured_media":6172,"comment_status":"open","ping_status":"closed","template":"","meta":[],"product_brand":[],"product_cat":[132],"product_tag":[],"class_list":{"0":"post-6171","1":"product","2":"type-product","3":"status-publish","4":"has-post-thumbnail","6":"product_cat-pumps","8":"first","9":"instock","10":"shipping-taxable","11":"product-type-simple"},"yoast_head":"<!-- This site is optimized with the Yoast SEO plugin v24.6 - https:\/\/yoast.com\/wordpress\/plugins\/seo\/ -->\n<title>Food grade-self priming pump for milk application<\/title>\n<meta name=\"description\" content=\"Our self-priming pump are all hygienic designed with smooth interior,no dead corner, low noise,suitable for handling a variety of fluids in food industries\" \/>\n<meta name=\"robots\" content=\"index, follow, max-snippet:-1, max-image-preview:large, max-video-preview:-1\" \/>\n<link rel=\"canonical\" href=\"https:\/\/www.hongtaivalve.com\/pt\/produto\/hongtaivalve-self-priming-pump-size-dn15-dn150-htv-spp001\/\" \/>\n<meta property=\"og:locale\" content=\"pt_PT\" \/>\n<meta property=\"og:type\" content=\"article\" \/>\n<meta property=\"og:title\" content=\"Food grade-self priming pump for milk application\" \/>\n<meta property=\"og:description\" content=\"Our self-priming pump are all hygienic designed with smooth interior,no dead corner, low noise,suitable for handling a variety of fluids in food industries\" \/>\n<meta property=\"og:url\" content=\"https:\/\/www.hongtaivalve.com\/pt\/produto\/hongtaivalve-self-priming-pump-size-dn15-dn150-htv-spp001\/\" \/>\n<meta property=\"og:site_name\" content=\"Wenzhou HongTai Fluid Equipment Co.Ltd\" \/>\n<meta property=\"article:modified_time\" content=\"2025-04-21T06:04:53+00:00\" \/>\n<meta property=\"og:image\" content=\"https:\/\/www.hongtaivalve.com\/wp-content\/uploads\/2025\/01\/self-priming-pump.jpg\" \/>\n\t<meta property=\"og:image:width\" content=\"800\" \/>\n\t<meta property=\"og:image:height\" content=\"800\" \/>\n\t<meta property=\"og:image:type\" content=\"image\/jpeg\" \/>\n<meta name=\"twitter:card\" content=\"summary_large_image\" \/>\n<meta name=\"twitter:label1\" content=\"Tempo estimado de leitura\" \/>\n\t<meta name=\"twitter:data1\" content=\"4 minutos\" \/>\n<script type=\"application\/ld+json\" class=\"yoast-schema-graph\">{\"@context\":\"https:\/\/schema.org\",\"@graph\":[{\"@type\":\"WebPage\",\"@id\":\"https:\/\/www.hongtaivalve.com\/product\/hongtaivalve-self-priming-pump-size-dn15-dn150-htv-spp001\/\",\"url\":\"https:\/\/www.hongtaivalve.com\/product\/hongtaivalve-self-priming-pump-size-dn15-dn150-htv-spp001\/\",\"name\":\"Food grade-self priming pump for milk application\",\"isPartOf\":{\"@id\":\"https:\/\/www.hongtaivalve.com\/#website\"},\"primaryImageOfPage\":{\"@id\":\"https:\/\/www.hongtaivalve.com\/product\/hongtaivalve-self-priming-pump-size-dn15-dn150-htv-spp001\/#primaryimage\"},\"image\":{\"@id\":\"https:\/\/www.hongtaivalve.com\/product\/hongtaivalve-self-priming-pump-size-dn15-dn150-htv-spp001\/#primaryimage\"},\"thumbnailUrl\":\"https:\/\/www.hongtaivalve.com\/wp-content\/uploads\/2025\/01\/self-priming-pump.jpg\",\"datePublished\":\"2025-01-02T07:53:27+00:00\",\"dateModified\":\"2025-04-21T06:04:53+00:00\",\"description\":\"Our self-priming pump are all hygienic designed with smooth interior,no dead corner, low noise,suitable for handling a variety of fluids in food industries\",\"breadcrumb\":{\"@id\":\"https:\/\/www.hongtaivalve.com\/product\/hongtaivalve-self-priming-pump-size-dn15-dn150-htv-spp001\/#breadcrumb\"},\"inLanguage\":\"pt-PT\",\"potentialAction\":[{\"@type\":\"ReadAction\",\"target\":[\"https:\/\/www.hongtaivalve.com\/product\/hongtaivalve-self-priming-pump-size-dn15-dn150-htv-spp001\/\"]}]},{\"@type\":\"ImageObject\",\"inLanguage\":\"pt-PT\",\"@id\":\"https:\/\/www.hongtaivalve.com\/product\/hongtaivalve-self-priming-pump-size-dn15-dn150-htv-spp001\/#primaryimage\",\"url\":\"https:\/\/www.hongtaivalve.com\/wp-content\/uploads\/2025\/01\/self-priming-pump.jpg\",\"contentUrl\":\"https:\/\/www.hongtaivalve.com\/wp-content\/uploads\/2025\/01\/self-priming-pump.jpg\",\"width\":800,\"height\":800},{\"@type\":\"BreadcrumbList\",\"@id\":\"https:\/\/www.hongtaivalve.com\/product\/hongtaivalve-self-priming-pump-size-dn15-dn150-htv-spp001\/#breadcrumb\",\"itemListElement\":[{\"@type\":\"ListItem\",\"position\":1,\"name\":\"\u9996\u9875\",\"item\":\"https:\/\/www.hongtaivalve.com\/\"},{\"@type\":\"ListItem\",\"position\":2,\"name\":\"Product\",\"item\":\"https:\/\/www.hongtaivalve.com\/product\/\"},{\"@type\":\"ListItem\",\"position\":3,\"name\":\"Hongtaivalve-self-priming pump-Size DN15-DN150- HTV-SPP001\"}]},{\"@type\":\"WebSite\",\"@id\":\"https:\/\/www.hongtaivalve.com\/#website\",\"url\":\"https:\/\/www.hongtaivalve.com\/\",\"name\":\"Wenzhou HongTai Fluid Equipment Co.Ltd\",\"description\":\"\",\"potentialAction\":[{\"@type\":\"SearchAction\",\"target\":{\"@type\":\"EntryPoint\",\"urlTemplate\":\"https:\/\/www.hongtaivalve.com\/?s={search_term_string}\"},\"query-input\":{\"@type\":\"PropertyValueSpecification\",\"valueRequired\":true,\"valueName\":\"search_term_string\"}}],\"inLanguage\":\"pt-PT\"}]}<\/script>\n<!-- \/ Yoast SEO plugin. -->","yoast_head_json":{"title":"Food grade-self priming pump for milk application","description":"Our self-priming pump are all hygienic designed with smooth interior,no dead corner, low noise,suitable for handling a variety of fluids in food industries","robots":{"index":"index","follow":"follow","max-snippet":"max-snippet:-1","max-image-preview":"max-image-preview:large","max-video-preview":"max-video-preview:-1"},"canonical":"https:\/\/www.hongtaivalve.com\/pt\/produto\/hongtaivalve-self-priming-pump-size-dn15-dn150-htv-spp001\/","og_locale":"pt_PT","og_type":"article","og_title":"Food grade-self priming pump for milk application","og_description":"Our self-priming pump are all hygienic designed with smooth interior,no dead corner, low noise,suitable for handling a variety of fluids in food industries","og_url":"https:\/\/www.hongtaivalve.com\/pt\/produto\/hongtaivalve-self-priming-pump-size-dn15-dn150-htv-spp001\/","og_site_name":"Wenzhou HongTai Fluid Equipment Co.Ltd","article_modified_time":"2025-04-21T06:04:53+00:00","og_image":[{"width":800,"height":800,"url":"https:\/\/www.hongtaivalve.com\/wp-content\/uploads\/2025\/01\/self-priming-pump.jpg","type":"image\/jpeg"}],"twitter_card":"summary_large_image","twitter_misc":{"Tempo estimado de leitura":"4 minutos"},"schema":{"@context":"https:\/\/schema.org","@graph":[{"@type":"WebPage","@id":"https:\/\/www.hongtaivalve.com\/product\/hongtaivalve-self-priming-pump-size-dn15-dn150-htv-spp001\/","url":"https:\/\/www.hongtaivalve.com\/product\/hongtaivalve-self-priming-pump-size-dn15-dn150-htv-spp001\/","name":"Food grade-self priming pump for milk application","isPartOf":{"@id":"https:\/\/www.hongtaivalve.com\/#website"},"primaryImageOfPage":{"@id":"https:\/\/www.hongtaivalve.com\/product\/hongtaivalve-self-priming-pump-size-dn15-dn150-htv-spp001\/#primaryimage"},"image":{"@id":"https:\/\/www.hongtaivalve.com\/product\/hongtaivalve-self-priming-pump-size-dn15-dn150-htv-spp001\/#primaryimage"},"thumbnailUrl":"https:\/\/www.hongtaivalve.com\/wp-content\/uploads\/2025\/01\/self-priming-pump.jpg","datePublished":"2025-01-02T07:53:27+00:00","dateModified":"2025-04-21T06:04:53+00:00","description":"Our self-priming pump are all hygienic designed with smooth interior,no dead corner, low noise,suitable for handling a variety of fluids in food industries","breadcrumb":{"@id":"https:\/\/www.hongtaivalve.com\/product\/hongtaivalve-self-priming-pump-size-dn15-dn150-htv-spp001\/#breadcrumb"},"inLanguage":"pt-PT","potentialAction":[{"@type":"ReadAction","target":["https:\/\/www.hongtaivalve.com\/product\/hongtaivalve-self-priming-pump-size-dn15-dn150-htv-spp001\/"]}]},{"@type":"ImageObject","inLanguage":"pt-PT","@id":"https:\/\/www.hongtaivalve.com\/product\/hongtaivalve-self-priming-pump-size-dn15-dn150-htv-spp001\/#primaryimage","url":"https:\/\/www.hongtaivalve.com\/wp-content\/uploads\/2025\/01\/self-priming-pump.jpg","contentUrl":"https:\/\/www.hongtaivalve.com\/wp-content\/uploads\/2025\/01\/self-priming-pump.jpg","width":800,"height":800},{"@type":"BreadcrumbList","@id":"https:\/\/www.hongtaivalve.com\/product\/hongtaivalve-self-priming-pump-size-dn15-dn150-htv-spp001\/#breadcrumb","itemListElement":[{"@type":"ListItem","position":1,"name":"\u9996\u9875","item":"https:\/\/www.hongtaivalve.com\/"},{"@type":"ListItem","position":2,"name":"Product","item":"https:\/\/www.hongtaivalve.com\/product\/"},{"@type":"ListItem","position":3,"name":"Hongtaivalve-self-priming pump-Size DN15-DN150- HTV-SPP001"}]},{"@type":"WebSite","@id":"https:\/\/www.hongtaivalve.com\/#website","url":"https:\/\/www.hongtaivalve.com\/","name":"Wenzhou HongTai Fluid Equipment Co.Ltd","description":"","potentialAction":[{"@type":"SearchAction","target":{"@type":"EntryPoint","urlTemplate":"https:\/\/www.hongtaivalve.com\/?s={search_term_string}"},"query-input":{"@type":"PropertyValueSpecification","valueRequired":true,"valueName":"search_term_string"}}],"inLanguage":"pt-PT"}]}},"_links":{"self":[{"href":"https:\/\/www.hongtaivalve.com\/pt\/wp-json\/wp\/v2\/product\/6171","targetHints":{"allow":["GET"]}}],"collection":[{"href":"https:\/\/www.hongtaivalve.com\/pt\/wp-json\/wp\/v2\/product"}],"about":[{"href":"https:\/\/www.hongtaivalve.com\/pt\/wp-json\/wp\/v2\/types\/product"}],"replies":[{"embeddable":true,"href":"https:\/\/www.hongtaivalve.com\/pt\/wp-json\/wp\/v2\/comments?post=6171"}],"wp:featuredmedia":[{"embeddable":true,"href":"https:\/\/www.hongtaivalve.com\/pt\/wp-json\/wp\/v2\/media\/6172"}],"wp:attachment":[{"href":"https:\/\/www.hongtaivalve.com\/pt\/wp-json\/wp\/v2\/media?parent=6171"}],"wp:term":[{"taxonomy":"product_brand","embeddable":true,"href":"https:\/\/www.hongtaivalve.com\/pt\/wp-json\/wp\/v2\/product_brand?post=6171"},{"taxonomy":"product_cat","embeddable":true,"href":"https:\/\/www.hongtaivalve.com\/pt\/wp-json\/wp\/v2\/product_cat?post=6171"},{"taxonomy":"product_tag","embeddable":true,"href":"https:\/\/www.hongtaivalve.com\/pt\/wp-json\/wp\/v2\/product_tag?post=6171"}],"curies":[{"name":"wp","href":"https:\/\/api.w.org\/{rel}","templated":true}]}}