{"id":6266,"date":"2025-02-12T02:46:19","date_gmt":"2025-02-12T02:46:19","guid":{"rendered":"https:\/\/www.hongtaivalve.com\/?post_type=product&#038;p=6266"},"modified":"2025-05-29T05:33:12","modified_gmt":"2025-05-29T05:33:12","slug":"hongtaivalve-sanitary-vacuum-relief-valve-size-dn15-dn25-htv-rv001","status":"publish","type":"product","link":"https:\/\/www.hongtaivalve.com\/pt\/produto\/hongtaivalve-sanitary-vacuum-relief-valve-size-dn15-dn25-htv-rv001\/","title":{"rendered":"HongTaivalve - V\u00e1lvula de al\u00edvio de v\u00e1cuo sanit\u00e1ria - tamanho dn15-dn65-HTV-RV001"},"content":{"rendered":"<div>The sanitary air valve is a type of valve specifically designed for fluid piping systems with high hygiene requirements. It is mainly used to discharge gas from pipelines to prevent gas blockage or air trapping, ensuring smooth fluid conveyance.<\/div>\n<div>\n<div>Product Structure and Working Principle<\/div>\n<div>\n<div>The sanitary exhaust valve mainly consists of components such as the valve body, upper cover, valve stem, float ball, and exhaust nozzle. Its working principle is to use the buoyancy of the float ball to control the opening and closing of the exhaust nozzle:<\/div>\n<div>\n<div>When there is gas to be discharged in the pipeline, the gas enters the valve cavity under the action of water pressure and is discharged from the exhaust nozzle.<\/div>\n<div>\n<div>When the liquid in the pipeline fills the valve cavity, the float ball rises under the action of buoyancy, blocking the exhaust nozzle and achieving sealing.<\/div>\n<div>\n<div>During the normal operation of the pipeline, the air in the liquid continuously enters the upper part of the valve cavity, forcing the float ball to descend. The gas is discharged from the exhaust nozzle, and then the float ball returns to the sealed position.<\/div>\n<div>\n<div>Main Features<\/div>\n<div>\n<div><strong>Material<\/strong>: Usually made of stainless steel 304 or 316L, which has good corrosion resistance and sanitary properties.<\/div>\n<\/div>\n<div>\n<div><strong>Connection Methods<\/strong>: Common connection methods include external threads, clamps, and welding.<\/div>\n<div>\n<div><strong>Applicable Media<\/strong>: Applicable to water, hot water, non &#8211; corrosive liquids, etc.<\/div>\n<div>\n<div><strong>Applicable Temperature<\/strong>: Generally in the range of 0\u00b0C &#8211; 70\u00b0C or &#8211; 20\u00b0C &#8211; 100\u00b0C.<\/div>\n<div>\n<div><strong>Nominal Pressure<\/strong>: Usually 1.0 &#8211; 1.6MPa.<\/div>\n<div>\n<div>Application Fields<\/div>\n<div>\n<div>\n<div class=\"auto-hide-last-sibling-br paragraph-JOTKXA paragraph-element br-paragraph-space\">The sanitary exhaust valve is widely used in the following industries:<\/div>\n<p><strong>Food and Beverage<\/strong>: For example, in the production process of dairy products, beer, beverages, etc.<\/p>\n<p><strong>Pharmaceutical and Bioengineering<\/strong>: Used for transporting sanitary liquids.<\/p>\n<div class=\"auto-hide-last-sibling-br paragraph-JOTKXA paragraph-element br-paragraph-space\">The design and manufacture of sanitary exhaust valves comply with strict sanitary standards, such as the international standard ISO and relevant domestic sanitary standards. These standards ensure the applicability and safety of the valves in industries with high sanitary level requirements.<\/div>\n<div class=\"auto-hide-last-sibling-br paragraph-JOTKXA paragraph-element br-paragraph-space\">In the Chinese market, there are many varieties of sanitary valves, such as stainless &#8211; steel sanitary butterfly valves, three &#8211; piece butterfly valves, quick &#8211; installation butterfly valves, circular spiral butterfly valves, pneumatic butterfly valves, stainless &#8211; steel sanitary diaphragm valves, sanitary pneumatic diaphragm valves, stainless &#8211; steel sanitary U &#8211; shaped tube diaphragm valves, stainless &#8211; steel sanitary ball valves, milk ball valves, sanitary ball valves 3P, sanitary ball valves 2P, dead &#8211; corner &#8211; free ball valves, fixed &#8211; type ball valves, sanitary clamp &#8211; type ball valves. Stainless &#8211; steel sanitary check valves, welded check valves, sanitary plug valves, sanitary manual globe valves, T &#8211; type globe valves, sampling valves, sanitary control valves, sanitary floor drain series and other products.<\/div>\n<div>\n<div>\n<h1><\/h1>\n<h1 class=\"header-vfC6AV auto-hide-last-sibling-br\"><span style=\"color: #ff0000;\">Product Packaging Instructions<\/span><\/h1>\n<div class=\"auto-hide-last-sibling-br paragraph-JOTKXA paragraph-element br-paragraph-space\">Each product is first individually packaged in a foam bag, then carefully placed in a designated carton. Finally, it is stacked or packaged in an export wooden box. The entire packaging process is strictly carried out to prevent any damage during transportation.<\/div>\n<\/div>\n<\/div>\n<\/div>\n<\/div>\n<\/div>\n<\/div>\n<\/div>\n<\/div>\n<\/div>\n<\/div>\n<\/div>\n<\/div>\n<\/div>\n<\/div>\n<\/div>\n<p><a href=\"https:\/\/www.hongtaivalve.com\/wp-content\/uploads\/2025\/02\/QQ\u56fe\u724720210313144437.jpg\"><img fetchpriority=\"high\" decoding=\"async\" class=\"wp-image-6262 aligncenter\" src=\"https:\/\/www.hongtaivalve.com\/wp-content\/uploads\/2025\/02\/QQ\u56fe\u724720210313144437.jpg\" alt=\"\" width=\"891\" height=\"891\" srcset=\"https:\/\/www.hongtaivalve.com\/wp-content\/uploads\/2025\/02\/QQ\u56fe\u724720210313144437.jpg 800w, https:\/\/www.hongtaivalve.com\/wp-content\/uploads\/2025\/02\/QQ\u56fe\u724720210313144437-300x300.jpg 300w, https:\/\/www.hongtaivalve.com\/wp-content\/uploads\/2025\/02\/QQ\u56fe\u724720210313144437-150x150.jpg 150w, https:\/\/www.hongtaivalve.com\/wp-content\/uploads\/2025\/02\/QQ\u56fe\u724720210313144437-768x768.jpg 768w, https:\/\/www.hongtaivalve.com\/wp-content\/uploads\/2025\/02\/QQ\u56fe\u724720210313144437-12x12.jpg 12w, https:\/\/www.hongtaivalve.com\/wp-content\/uploads\/2025\/02\/QQ\u56fe\u724720210313144437-100x100.jpg 100w\" sizes=\"(max-width: 891px) 100vw, 891px\" \/><\/a><\/p>\n<p><strong>Sobre n\u00f3s<\/strong><\/p>\n<p>Na HongTai, somos especializados em v\u00e1lvulas sanit\u00e1rias de alta qualidade e acess\u00f3rios para tubos de a\u00e7o inoxid\u00e1vel, atendendo a ind\u00fastrias-chave como farmac\u00eautica, processamento de alimentos e produtos qu\u00edmicos. Fabricados em a\u00e7o inoxid\u00e1vel 304, 316 e 316L de primeira qualidade, os nossos produtos oferecem uma excelente resist\u00eancia \u00e0 corros\u00e3o e s\u00e3o fabricados utilizando t\u00e9cnicas de fabrico avan\u00e7adas, como o corte a laser e a soldadura de precis\u00e3o. Concebidas para higiene e integridade dos fluidos, as v\u00e1lvulas da HongTai s\u00e3o a escolha ideal para ind\u00fastrias que exigem uma limpeza \u00f3ptima e um desempenho duradouro.<\/p>\n<p><a href=\"https:\/\/www.hongtaivalve.com\/wp-content\/uploads\/2024\/12\/2efad8255a88820383829ce2a75fcb9.jpg\"><img decoding=\"async\" class=\"wp-image-5948 aligncenter\" src=\"https:\/\/www.hongtaivalve.com\/wp-content\/uploads\/2024\/12\/2efad8255a88820383829ce2a75fcb9.jpg\" alt=\"\" width=\"604\" height=\"391\" srcset=\"https:\/\/www.hongtaivalve.com\/wp-content\/uploads\/2024\/12\/2efad8255a88820383829ce2a75fcb9.jpg 985w, https:\/\/www.hongtaivalve.com\/wp-content\/uploads\/2024\/12\/2efad8255a88820383829ce2a75fcb9-300x194.jpg 300w, https:\/\/www.hongtaivalve.com\/wp-content\/uploads\/2024\/12\/2efad8255a88820383829ce2a75fcb9-768x497.jpg 768w, https:\/\/www.hongtaivalve.com\/wp-content\/uploads\/2024\/12\/2efad8255a88820383829ce2a75fcb9-18x12.jpg 18w, https:\/\/www.hongtaivalve.com\/wp-content\/uploads\/2024\/12\/2efad8255a88820383829ce2a75fcb9-800x518.jpg 800w\" sizes=\"(max-width: 604px) 100vw, 604px\" \/><\/a><\/p>\n<p><strong>Porqu\u00ea escolher-nos<\/strong><\/p>\n<p><strong>Garantia de qualidade:<\/strong>\u00a0Mantemos um controlo rigoroso de todas as fases de produ\u00e7\u00e3o, desde as mat\u00e9rias-primas at\u00e9 aos produtos acabados, garantindo a conformidade com a norma ISO9001 e certifica\u00e7\u00f5es internacionais, incluindo as normas 3A, DIN e ISO.<\/p>\n<p><strong>Experi\u00eancia no sector:<\/strong>\u00a0D\u00e9cadas de experi\u00eancia no fornecimento de solu\u00e7\u00f5es para ind\u00fastrias cr\u00edticas como a alimentar, a de bebidas e a farmac\u00eautica.<\/p>\n<p><strong>Tecnologia avan\u00e7ada:<\/strong>\u00a0As nossas instala\u00e7\u00f5es de \u00faltima gera\u00e7\u00e3o, incluindo tornos CNC e ferramentas de precis\u00e3o regularmente actualizados, garantem uma elevada precis\u00e3o de superf\u00edcie e toler\u00e2ncias apertadas para cada produto.<\/p>\n<p><strong>100% Inspe\u00e7\u00e3o:<\/strong>\u00a0Todos os produtos s\u00e3o submetidos a testes rigorosos, incluindo dete\u00e7\u00e3o de tamanho e de fugas nas v\u00e1lvulas, para garantir uma qualidade impec\u00e1vel antes de sa\u00edrem das nossas instala\u00e7\u00f5es.<\/p>\n<p><strong>Alcance global:<\/strong>\u00a0Empresas de todo o mundo confiam na nossa qualidade consistente e na entrega atempada.<\/p>\n<p>Escolha a HongTai para obter fiabilidade, desempenho e inova\u00e7\u00e3o inigual\u00e1veis em solu\u00e7\u00f5es de v\u00e1lvulas e acess\u00f3rios para tubos.<\/p>\n<p>&nbsp;<\/p>\n<p><strong>Contactar-nos<\/strong><br \/>\nPara mais informa\u00e7\u00f5es ou para discutir as suas necessidades, contacte-nos atrav\u00e9s de:<br \/>\nCorreio eletr\u00f3nico: ht@htcdf.com<br \/>\nwhatsapp: (86)18875809195<br \/>\nTamb\u00e9m pode visitar o nosso\u00a0<a href=\"https:\/\/www.hongtaivalve.com\/pt\/contact-us\/\" target=\"_blank\" rel=\"noopener\">Contactar-nos<\/a>\u00a0para mais formas de entrar em contacto.<\/p>","protected":false},"excerpt":{"rendered":"<table>\n<tbody>\n<tr>\n<td width=\"207\"><strong><b>Modelo n.<\/b><\/strong><\/td>\n<td width=\"217\">HT-RV001<\/td>\n<td width=\"214\"><\/td>\n<td width=\"348\"><\/td>\n<\/tr>\n<tr>\n<td>\n<div>Materia<\/div>\n<\/td>\n<td>\n<div>304 or 316.<\/div>\n<\/td>\n<td>\n<div>Connection Method<\/div>\n<\/td>\n<td>\n<div>External thread, clamp, welding.<\/div>\n<\/td>\n<\/tr>\n<tr>\n<td>\n<div>Applicable Media<\/div>\n<\/td>\n<td>\n<div>Water, hot water, non-corrosive liquids, etc.<\/div>\n<\/td>\n<td>\n<div>Applicable Temperature<\/div>\n<\/td>\n<td>\n<div>\u00a00\u2103 &#8211; 70\u2103 or -20\u2103 &#8211; 100\u2103.<\/div>\n<\/td>\n<\/tr>\n<tr>\n<td>\n<div>Nominal Pressure<\/div>\n<\/td>\n<td>\n<div>1.0 &#8211; 1.6MPa.<\/div>\n<\/td>\n<td>\n<div>Nominal Diameter<\/div>\n<\/td>\n<td>\n<div>DN15 &#8211; DN65<\/div>\n<\/td>\n<\/tr>\n<\/tbody>\n<\/table>","protected":false},"featured_media":6348,"comment_status":"open","ping_status":"closed","template":"","meta":[],"product_brand":[],"product_cat":[108],"product_tag":[],"class_list":{"0":"post-6266","1":"product","2":"type-product","3":"status-publish","4":"has-post-thumbnail","6":"product_cat-other-valves","8":"first","9":"instock","10":"shipping-taxable","11":"product-type-simple"},"yoast_head":"<!-- This site is optimized with the Yoast SEO plugin v24.6 - https:\/\/yoast.com\/wordpress\/plugins\/seo\/ -->\n<title>vacumn relief valve for food grade industry<\/title>\n<meta name=\"description\" content=\"Safety exhaust air relief valve for stainless steel food-grade tank equipment\" \/>\n<meta name=\"robots\" content=\"index, follow, max-snippet:-1, max-image-preview:large, max-video-preview:-1\" \/>\n<link rel=\"canonical\" href=\"https:\/\/www.hongtaivalve.com\/pt\/produto\/hongtaivalve-sanitary-vacuum-relief-valve-size-dn15-dn25-htv-rv001\/\" \/>\n<meta property=\"og:locale\" content=\"pt_PT\" \/>\n<meta property=\"og:type\" content=\"article\" \/>\n<meta property=\"og:title\" content=\"vacumn relief valve for food grade industry\" \/>\n<meta property=\"og:description\" content=\"Safety exhaust air relief valve for stainless steel food-grade tank equipment\" \/>\n<meta property=\"og:url\" content=\"https:\/\/www.hongtaivalve.com\/pt\/produto\/hongtaivalve-sanitary-vacuum-relief-valve-size-dn15-dn25-htv-rv001\/\" \/>\n<meta property=\"og:site_name\" content=\"Wenzhou HongTai Fluid Equipment Co.Ltd\" \/>\n<meta property=\"article:modified_time\" content=\"2025-05-29T05:33:12+00:00\" \/>\n<meta property=\"og:image\" content=\"https:\/\/www.hongtaivalve.com\/wp-content\/uploads\/2025\/02\/QQ\u56fe\u724720210313144437-min.jpg\" \/>\n\t<meta property=\"og:image:width\" content=\"800\" \/>\n\t<meta property=\"og:image:height\" content=\"800\" \/>\n\t<meta property=\"og:image:type\" content=\"image\/jpeg\" \/>\n<meta name=\"twitter:card\" content=\"summary_large_image\" \/>\n<meta name=\"twitter:label1\" content=\"Tempo estimado de leitura\" \/>\n\t<meta name=\"twitter:data1\" content=\"5 minutos\" \/>\n<script type=\"application\/ld+json\" class=\"yoast-schema-graph\">{\"@context\":\"https:\/\/schema.org\",\"@graph\":[{\"@type\":\"WebPage\",\"@id\":\"https:\/\/www.hongtaivalve.com\/product\/hongtaivalve-sanitary-vacuum-relief-valve-size-dn15-dn25-htv-rv001\/\",\"url\":\"https:\/\/www.hongtaivalve.com\/product\/hongtaivalve-sanitary-vacuum-relief-valve-size-dn15-dn25-htv-rv001\/\",\"name\":\"vacumn relief valve for food grade industry\",\"isPartOf\":{\"@id\":\"https:\/\/www.hongtaivalve.com\/#website\"},\"primaryImageOfPage\":{\"@id\":\"https:\/\/www.hongtaivalve.com\/product\/hongtaivalve-sanitary-vacuum-relief-valve-size-dn15-dn25-htv-rv001\/#primaryimage\"},\"image\":{\"@id\":\"https:\/\/www.hongtaivalve.com\/product\/hongtaivalve-sanitary-vacuum-relief-valve-size-dn15-dn25-htv-rv001\/#primaryimage\"},\"thumbnailUrl\":\"https:\/\/www.hongtaivalve.com\/wp-content\/uploads\/2025\/02\/QQ\u56fe\u724720210313144437-min.jpg\",\"datePublished\":\"2025-02-12T02:46:19+00:00\",\"dateModified\":\"2025-05-29T05:33:12+00:00\",\"description\":\"Safety exhaust air relief valve for stainless steel food-grade tank equipment\",\"breadcrumb\":{\"@id\":\"https:\/\/www.hongtaivalve.com\/product\/hongtaivalve-sanitary-vacuum-relief-valve-size-dn15-dn25-htv-rv001\/#breadcrumb\"},\"inLanguage\":\"pt-PT\",\"potentialAction\":[{\"@type\":\"ReadAction\",\"target\":[\"https:\/\/www.hongtaivalve.com\/product\/hongtaivalve-sanitary-vacuum-relief-valve-size-dn15-dn25-htv-rv001\/\"]}]},{\"@type\":\"ImageObject\",\"inLanguage\":\"pt-PT\",\"@id\":\"https:\/\/www.hongtaivalve.com\/product\/hongtaivalve-sanitary-vacuum-relief-valve-size-dn15-dn25-htv-rv001\/#primaryimage\",\"url\":\"https:\/\/www.hongtaivalve.com\/wp-content\/uploads\/2025\/02\/QQ\u56fe\u724720210313144437-min.jpg\",\"contentUrl\":\"https:\/\/www.hongtaivalve.com\/wp-content\/uploads\/2025\/02\/QQ\u56fe\u724720210313144437-min.jpg\",\"width\":800,\"height\":800},{\"@type\":\"BreadcrumbList\",\"@id\":\"https:\/\/www.hongtaivalve.com\/product\/hongtaivalve-sanitary-vacuum-relief-valve-size-dn15-dn25-htv-rv001\/#breadcrumb\",\"itemListElement\":[{\"@type\":\"ListItem\",\"position\":1,\"name\":\"\u9996\u9875\",\"item\":\"https:\/\/www.hongtaivalve.com\/\"},{\"@type\":\"ListItem\",\"position\":2,\"name\":\"Product\",\"item\":\"https:\/\/www.hongtaivalve.com\/product\/\"},{\"@type\":\"ListItem\",\"position\":3,\"name\":\"HongTaivalve-Sanitary Vacuum Relief Valve-size dn15-dn65-HTV-RV001\"}]},{\"@type\":\"WebSite\",\"@id\":\"https:\/\/www.hongtaivalve.com\/#website\",\"url\":\"https:\/\/www.hongtaivalve.com\/\",\"name\":\"Wenzhou HongTai Fluid Equipment Co.Ltd\",\"description\":\"\",\"potentialAction\":[{\"@type\":\"SearchAction\",\"target\":{\"@type\":\"EntryPoint\",\"urlTemplate\":\"https:\/\/www.hongtaivalve.com\/?s={search_term_string}\"},\"query-input\":{\"@type\":\"PropertyValueSpecification\",\"valueRequired\":true,\"valueName\":\"search_term_string\"}}],\"inLanguage\":\"pt-PT\"}]}<\/script>\n<!-- \/ Yoast SEO plugin. -->","yoast_head_json":{"title":"vacumn relief valve for food grade industry","description":"Safety exhaust air relief valve for stainless steel food-grade tank equipment","robots":{"index":"index","follow":"follow","max-snippet":"max-snippet:-1","max-image-preview":"max-image-preview:large","max-video-preview":"max-video-preview:-1"},"canonical":"https:\/\/www.hongtaivalve.com\/pt\/produto\/hongtaivalve-sanitary-vacuum-relief-valve-size-dn15-dn25-htv-rv001\/","og_locale":"pt_PT","og_type":"article","og_title":"vacumn relief valve for food grade industry","og_description":"Safety exhaust air relief valve for stainless steel food-grade tank equipment","og_url":"https:\/\/www.hongtaivalve.com\/pt\/produto\/hongtaivalve-sanitary-vacuum-relief-valve-size-dn15-dn25-htv-rv001\/","og_site_name":"Wenzhou HongTai Fluid Equipment Co.Ltd","article_modified_time":"2025-05-29T05:33:12+00:00","og_image":[{"width":800,"height":800,"url":"https:\/\/www.hongtaivalve.com\/wp-content\/uploads\/2025\/02\/QQ\u56fe\u724720210313144437-min.jpg","type":"image\/jpeg"}],"twitter_card":"summary_large_image","twitter_misc":{"Tempo estimado de leitura":"5 minutos"},"schema":{"@context":"https:\/\/schema.org","@graph":[{"@type":"WebPage","@id":"https:\/\/www.hongtaivalve.com\/product\/hongtaivalve-sanitary-vacuum-relief-valve-size-dn15-dn25-htv-rv001\/","url":"https:\/\/www.hongtaivalve.com\/product\/hongtaivalve-sanitary-vacuum-relief-valve-size-dn15-dn25-htv-rv001\/","name":"vacumn relief valve for food grade industry","isPartOf":{"@id":"https:\/\/www.hongtaivalve.com\/#website"},"primaryImageOfPage":{"@id":"https:\/\/www.hongtaivalve.com\/product\/hongtaivalve-sanitary-vacuum-relief-valve-size-dn15-dn25-htv-rv001\/#primaryimage"},"image":{"@id":"https:\/\/www.hongtaivalve.com\/product\/hongtaivalve-sanitary-vacuum-relief-valve-size-dn15-dn25-htv-rv001\/#primaryimage"},"thumbnailUrl":"https:\/\/www.hongtaivalve.com\/wp-content\/uploads\/2025\/02\/QQ\u56fe\u724720210313144437-min.jpg","datePublished":"2025-02-12T02:46:19+00:00","dateModified":"2025-05-29T05:33:12+00:00","description":"Safety exhaust air relief valve for stainless steel food-grade tank equipment","breadcrumb":{"@id":"https:\/\/www.hongtaivalve.com\/product\/hongtaivalve-sanitary-vacuum-relief-valve-size-dn15-dn25-htv-rv001\/#breadcrumb"},"inLanguage":"pt-PT","potentialAction":[{"@type":"ReadAction","target":["https:\/\/www.hongtaivalve.com\/product\/hongtaivalve-sanitary-vacuum-relief-valve-size-dn15-dn25-htv-rv001\/"]}]},{"@type":"ImageObject","inLanguage":"pt-PT","@id":"https:\/\/www.hongtaivalve.com\/product\/hongtaivalve-sanitary-vacuum-relief-valve-size-dn15-dn25-htv-rv001\/#primaryimage","url":"https:\/\/www.hongtaivalve.com\/wp-content\/uploads\/2025\/02\/QQ\u56fe\u724720210313144437-min.jpg","contentUrl":"https:\/\/www.hongtaivalve.com\/wp-content\/uploads\/2025\/02\/QQ\u56fe\u724720210313144437-min.jpg","width":800,"height":800},{"@type":"BreadcrumbList","@id":"https:\/\/www.hongtaivalve.com\/product\/hongtaivalve-sanitary-vacuum-relief-valve-size-dn15-dn25-htv-rv001\/#breadcrumb","itemListElement":[{"@type":"ListItem","position":1,"name":"\u9996\u9875","item":"https:\/\/www.hongtaivalve.com\/"},{"@type":"ListItem","position":2,"name":"Product","item":"https:\/\/www.hongtaivalve.com\/product\/"},{"@type":"ListItem","position":3,"name":"HongTaivalve-Sanitary Vacuum Relief Valve-size dn15-dn65-HTV-RV001"}]},{"@type":"WebSite","@id":"https:\/\/www.hongtaivalve.com\/#website","url":"https:\/\/www.hongtaivalve.com\/","name":"Wenzhou HongTai Fluid Equipment Co.Ltd","description":"","potentialAction":[{"@type":"SearchAction","target":{"@type":"EntryPoint","urlTemplate":"https:\/\/www.hongtaivalve.com\/?s={search_term_string}"},"query-input":{"@type":"PropertyValueSpecification","valueRequired":true,"valueName":"search_term_string"}}],"inLanguage":"pt-PT"}]}},"_links":{"self":[{"href":"https:\/\/www.hongtaivalve.com\/pt\/wp-json\/wp\/v2\/product\/6266","targetHints":{"allow":["GET"]}}],"collection":[{"href":"https:\/\/www.hongtaivalve.com\/pt\/wp-json\/wp\/v2\/product"}],"about":[{"href":"https:\/\/www.hongtaivalve.com\/pt\/wp-json\/wp\/v2\/types\/product"}],"replies":[{"embeddable":true,"href":"https:\/\/www.hongtaivalve.com\/pt\/wp-json\/wp\/v2\/comments?post=6266"}],"wp:featuredmedia":[{"embeddable":true,"href":"https:\/\/www.hongtaivalve.com\/pt\/wp-json\/wp\/v2\/media\/6348"}],"wp:attachment":[{"href":"https:\/\/www.hongtaivalve.com\/pt\/wp-json\/wp\/v2\/media?parent=6266"}],"wp:term":[{"taxonomy":"product_brand","embeddable":true,"href":"https:\/\/www.hongtaivalve.com\/pt\/wp-json\/wp\/v2\/product_brand?post=6266"},{"taxonomy":"product_cat","embeddable":true,"href":"https:\/\/www.hongtaivalve.com\/pt\/wp-json\/wp\/v2\/product_cat?post=6266"},{"taxonomy":"product_tag","embeddable":true,"href":"https:\/\/www.hongtaivalve.com\/pt\/wp-json\/wp\/v2\/product_tag?post=6266"}],"curies":[{"name":"wp","href":"https:\/\/api.w.org\/{rel}","templated":true}]}}