{"id":6315,"date":"2025-02-21T05:27:56","date_gmt":"2025-02-21T05:27:56","guid":{"rendered":"https:\/\/www.hongtaivalve.com\/?post_type=product&#038;p=6315"},"modified":"2025-05-29T05:34:43","modified_gmt":"2025-05-29T05:34:43","slug":"hongtaivalve-stainless-steel-static-mixer-sizedn15-dn150","status":"publish","type":"product","link":"https:\/\/www.hongtaivalve.com\/pt\/produto\/hongtaivalve-stainless-steel-static-mixer-sizedn15-dn150\/","title":{"rendered":"Hongtaivalve-Misturador est\u00e1tico de a\u00e7o inoxid\u00e1vel-TamanhoDn15-Dn150-HTV-PRV001"},"content":{"rendered":"<p>Stainless steel static mixer is an efficient mixing equipment without moving parts, its basic working mechanism is to use the mixing unit fixed in the tube to change the flow state of the fluid in the tube, in order to achieve the purpose of good dispersion and full mixing between different fluids. The flow of fluid in the pipeline impacts various types of plate elements, increasing the velocity gradient of the fluid laminar flow movement or forming turbulence. When laminar flow is &#8220;the segmentation position moves to rejoin&#8221;. When turbulent flow, in addition to the above three cases, the fluid will also produce violent eddy currents in the section direction, and there is a strong shear force for the fluid, so that the fluid can be further divided and mixed<\/p>\n<div><\/div>\n<div><\/div>\n<div>1. **Product Type**: Sanitary static mixer (no moving parts).<\/div>\n<div>2. **Material**: 316L\/304 stainless steel, corrosion-resistant.<\/div>\n<div>3. **Design**: CIP\/SIP-compatible, smooth inner surface (Ra\u22640.8\u03bcm).<\/div>\n<div>4. **Function**: Homogenizes liquids\/gases efficiently.<\/div>\n<div>5. **Connections**: Tri-clamp\/SMS\/flange (hygienic standards).<\/div>\n<div>6. **Applications**: Pharma, food, dairy, cosmetics.<\/div>\n<div>7. **Compliance**: Meets FDA\/GMP\/3-A\/EC1935.<\/div>\n<div>8. **Customization**: Size\/pressure drop\/configuration options.<\/div>\n<div>9. **Features**: Zero contamination, low maintenance.<\/div>\n<div>10. **Certifications**: Material\/test reports provided.<\/div>\n<div><\/div>\n<div><\/div>\n<p>Efficient mixing: can make different fluids in a short time to achieve good dispersion and full mixing, mixing efficiency is high, can save about 20%-30% of the amount of agents<\/p>\n<p>Energy saving: No external power drive, only rely on the fluid&#8217;s own kinetic energy for mixing, compared with the dynamic mixing mixer, energy consumption is significantly reduced.<\/p>\n<p>Simple structure: there are no complex moving parts, the overall structure is relatively simple, mainly composed of pipelines and internal mixed units, so installation, maintenance and overhaul are more convenient, and not easy to fail.<\/p>\n<p>Small footprint: usually tubular structure, small size, less space, flexible installation in a variety of sites, including limited space areas.<\/p>\n<p>Strong corrosion resistance: stainless steel material, with good corrosion resistance, can adapt to the mixing process of various corrosive media, such as acid, alkali, salt solution, etc., extend the service life of the equipment.<\/p>\n<p><a href=\"https:\/\/www.hongtaivalve.com\/wp-content\/uploads\/2025\/02\/\u672a\u6807\u9898-1-min.jpg\"><img fetchpriority=\"high\" decoding=\"async\" class=\"alignnone size-full wp-image-6346\" src=\"https:\/\/www.hongtaivalve.com\/wp-content\/uploads\/2025\/02\/\u672a\u6807\u9898-1-min.jpg\" alt=\"\" width=\"1500\" height=\"1080\" srcset=\"https:\/\/www.hongtaivalve.com\/wp-content\/uploads\/2025\/02\/\u672a\u6807\u9898-1-min.jpg 1500w, https:\/\/www.hongtaivalve.com\/wp-content\/uploads\/2025\/02\/\u672a\u6807\u9898-1-min-300x216.jpg 300w, https:\/\/www.hongtaivalve.com\/wp-content\/uploads\/2025\/02\/\u672a\u6807\u9898-1-min-1024x737.jpg 1024w, https:\/\/www.hongtaivalve.com\/wp-content\/uploads\/2025\/02\/\u672a\u6807\u9898-1-min-768x553.jpg 768w, https:\/\/www.hongtaivalve.com\/wp-content\/uploads\/2025\/02\/\u672a\u6807\u9898-1-min-18x12.jpg 18w, https:\/\/www.hongtaivalve.com\/wp-content\/uploads\/2025\/02\/\u672a\u6807\u9898-1-min-800x576.jpg 800w\" sizes=\"(max-width: 1500px) 100vw, 1500px\" \/><\/a><\/p>\n<p><strong>Sobre n\u00f3s<\/strong><\/p>\n<p>Na HongTai, somos especializados em v\u00e1lvulas sanit\u00e1rias de alta qualidade e acess\u00f3rios para tubos de a\u00e7o inoxid\u00e1vel, atendendo a ind\u00fastrias-chave como farmac\u00eautica, processamento de alimentos e produtos qu\u00edmicos. Fabricados em a\u00e7o inoxid\u00e1vel 304, 316 e 316L de primeira qualidade, os nossos produtos oferecem uma excelente resist\u00eancia \u00e0 corros\u00e3o e s\u00e3o fabricados utilizando t\u00e9cnicas de fabrico avan\u00e7adas, como o corte a laser e a soldadura de precis\u00e3o. Concebidas para higiene e integridade dos fluidos, as v\u00e1lvulas da HongTai s\u00e3o a escolha ideal para ind\u00fastrias que exigem uma limpeza \u00f3ptima e um desempenho duradouro.<\/p>\n<p><a href=\"https:\/\/www.hongtaivalve.com\/wp-content\/uploads\/2024\/12\/2efad8255a88820383829ce2a75fcb9.jpg\"><img decoding=\"async\" class=\"wp-image-5948 aligncenter entered lazyloaded\" src=\"https:\/\/www.hongtaivalve.com\/wp-content\/uploads\/2024\/12\/2efad8255a88820383829ce2a75fcb9.jpg\" sizes=\"(max-width: 534px) 100vw, 534px\" srcset=\"https:\/\/www.hongtaivalve.com\/wp-content\/uploads\/2024\/12\/2efad8255a88820383829ce2a75fcb9.jpg 985w, https:\/\/www.hongtaivalve.com\/wp-content\/uploads\/2024\/12\/2efad8255a88820383829ce2a75fcb9-300x194.jpg 300w, https:\/\/www.hongtaivalve.com\/wp-content\/uploads\/2024\/12\/2efad8255a88820383829ce2a75fcb9-768x497.jpg 768w, https:\/\/www.hongtaivalve.com\/wp-content\/uploads\/2024\/12\/2efad8255a88820383829ce2a75fcb9-18x12.jpg 18w, https:\/\/www.hongtaivalve.com\/wp-content\/uploads\/2024\/12\/2efad8255a88820383829ce2a75fcb9-800x518.jpg 800w\" alt=\"\" width=\"534\" height=\"346\" data-lazy-srcset=\"https:\/\/www.hongtaivalve.com\/wp-content\/uploads\/2024\/12\/2efad8255a88820383829ce2a75fcb9.jpg 985w, https:\/\/www.hongtaivalve.com\/wp-content\/uploads\/2024\/12\/2efad8255a88820383829ce2a75fcb9-300x194.jpg 300w, https:\/\/www.hongtaivalve.com\/wp-content\/uploads\/2024\/12\/2efad8255a88820383829ce2a75fcb9-768x497.jpg 768w, https:\/\/www.hongtaivalve.com\/wp-content\/uploads\/2024\/12\/2efad8255a88820383829ce2a75fcb9-18x12.jpg 18w, https:\/\/www.hongtaivalve.com\/wp-content\/uploads\/2024\/12\/2efad8255a88820383829ce2a75fcb9-800x518.jpg 800w\" data-lazy-sizes=\"(max-width: 534px) 100vw, 534px\" data-lazy-src=\"https:\/\/www.hongtaivalve.com\/wp-content\/uploads\/2024\/12\/2efad8255a88820383829ce2a75fcb9.jpg\" data-ll-status=\"loaded\" \/><\/a><\/p>\n<p><strong>Porqu\u00ea escolher-nos<\/strong><\/p>\n<p><strong>Garantia de qualidade:<\/strong>\u00a0Mantemos um controlo rigoroso de todas as fases de produ\u00e7\u00e3o, desde as mat\u00e9rias-primas at\u00e9 aos produtos acabados, garantindo a conformidade com a norma ISO9001 e certifica\u00e7\u00f5es internacionais, incluindo as normas 3A, DIN e ISO.<\/p>\n<p><strong>Experi\u00eancia no sector:<\/strong>\u00a0D\u00e9cadas de experi\u00eancia no fornecimento de solu\u00e7\u00f5es para ind\u00fastrias cr\u00edticas como a alimentar, a de bebidas e a farmac\u00eautica.<\/p>\n<p><strong>Tecnologia avan\u00e7ada:<\/strong>\u00a0As nossas instala\u00e7\u00f5es de \u00faltima gera\u00e7\u00e3o, incluindo tornos CNC e ferramentas de precis\u00e3o regularmente actualizados, garantem uma elevada precis\u00e3o de superf\u00edcie e toler\u00e2ncias apertadas para cada produto.<\/p>\n<p><strong>100% Inspe\u00e7\u00e3o:<\/strong>\u00a0Todos os produtos s\u00e3o submetidos a testes rigorosos, incluindo dete\u00e7\u00e3o de tamanho e de fugas nas v\u00e1lvulas, para garantir uma qualidade impec\u00e1vel antes de sa\u00edrem das nossas instala\u00e7\u00f5es.<\/p>\n<p><strong>Alcance global:<\/strong>\u00a0Empresas de todo o mundo confiam na nossa qualidade consistente e na entrega atempada.<\/p>\n<p>Escolha a HongTai para obter fiabilidade, desempenho e inova\u00e7\u00e3o inigual\u00e1veis em solu\u00e7\u00f5es de v\u00e1lvulas e acess\u00f3rios para tubos.<\/p>\n<p>&nbsp;<\/p>\n<p><strong>Contactar-nos<\/strong><br \/>\nPara mais informa\u00e7\u00f5es ou para discutir as suas necessidades, contacte-nos atrav\u00e9s de:<br \/>\nCorreio eletr\u00f3nico: ht@htcdf.com<br \/>\nwhatsapp: (86)18875809195<br \/>\nTamb\u00e9m pode visitar o nosso\u00a0<a href=\"https:\/\/www.hongtaivalve.com\/pt\/contact-us\/\" target=\"_blank\" rel=\"noopener\">Contactar-nos<\/a>\u00a0para mais formas de entrar em contacto.<\/p>\n<p>&nbsp;<\/p>","protected":false},"excerpt":{"rendered":"<table style=\"border-collapse: collapse; width: 753.77pt;\" border=\"0\" width=\"1005\" cellspacing=\"0\" cellpadding=\"0\">\n<tbody>\n<tr style=\"height: 16.50pt;\">\n<td class=\"et2\" style=\"height: 16.50pt; width: 150.00pt;\" width=\"200\" height=\"22\">Modelo n.<\/td>\n<td class=\"et2\" style=\"width: 176.25pt;\" width=\"235\">HT-SSM001<\/td>\n<td class=\"et2\" style=\"width: 125.25pt;\" width=\"167\">Connection Method<\/td>\n<td class=\"et2\" style=\"width: 302.25pt;\" width=\"403\">External thread, clamp, welding.<\/td>\n<\/tr>\n<tr style=\"height: 16.50pt;\">\n<td class=\"et2\" style=\"height: 16.50pt;\" height=\"22\">Nominal Pressure<\/td>\n<td class=\"et2\">1.0-25MPa<\/td>\n<td class=\"et2\">Applicable Media<\/td>\n<td class=\"et2\">Water, hot water, non-corrosive liquids, etc.<\/td>\n<\/tr>\n<tr style=\"height: 16.50pt;\">\n<td class=\"et2\" style=\"height: 16.50pt;\" height=\"22\">Applicable Temperature<\/td>\n<td class=\"et2\">\n<div data-zone-id=\"xr4xzykcilcotj62zjapffyvc1\" data-line-index=\"0\" data-line=\"true\">-20\u2103 &#8211; 250\u2103<\/div>\n<\/td>\n<td class=\"et2\">Acabamento da superf\u00edcie interior<\/td>\n<td class=\"et2\">Ra\u22640.8\u03bcm<\/td>\n<\/tr>\n<tr style=\"height: 17.25pt;\">\n<td class=\"et2\" style=\"height: 17.25pt;\" height=\"23\">Materia<\/td>\n<td class=\"et2\">304\/316<\/td>\n<td class=\"et2\">Norma de conce\u00e7\u00e3o<\/td>\n<td class=\"et3\">3A ou DIN, SMS, ISO\/IDF<\/td>\n<\/tr>\n<tr style=\"height: 17.25pt;\">\n<td class=\"et2\" style=\"height: 17.25pt;\" height=\"23\">Pacote de transporte<\/td>\n<td class=\"et2\">Pl\u00e1stico espumado + caixa de madeira<\/td>\n<td class=\"et3\">Aplica\u00e7\u00e3o<\/td>\n<td class=\"et2\">Utiliza\u00e7\u00e3o industrial de alimentos ou bebidas<\/td>\n<\/tr>\n<tr style=\"height: 17.25pt;\">\n<td class=\"et3\" style=\"height: 17.25pt;\" height=\"23\">Origem<\/td>\n<td class=\"et2\">Wenzhou China<\/td>\n<td class=\"et2\"><\/td>\n<td class=\"et2\"><\/td>\n<\/tr>\n<\/tbody>\n<\/table>","protected":false},"featured_media":6344,"comment_status":"open","ping_status":"closed","template":"","meta":[],"product_brand":[],"product_cat":[15],"product_tag":[],"class_list":{"0":"post-6315","1":"product","2":"type-product","3":"status-publish","4":"has-post-thumbnail","6":"product_cat-butterfly-valve-2","8":"first","9":"instock","10":"shipping-taxable","11":"product-type-simple"},"yoast_head":"<!-- This site is optimized with the Yoast SEO plugin v24.6 - https:\/\/yoast.com\/wordpress\/plugins\/seo\/ -->\n<title>316L stainless steel Static mixer<\/title>\n<meta name=\"description\" content=\"Hygienic static mixer for pharma\/food. 316L SS, tri-clamp, CIP\/SIP, FDA\/GMP compliant. No moving parts, low pressure drop. Custom sizes. Efficient blending\" \/>\n<meta name=\"robots\" content=\"index, follow, max-snippet:-1, max-image-preview:large, max-video-preview:-1\" \/>\n<link rel=\"canonical\" href=\"https:\/\/www.hongtaivalve.com\/pt\/produto\/hongtaivalve-stainless-steel-static-mixer-sizedn15-dn150\/\" \/>\n<meta property=\"og:locale\" content=\"pt_PT\" \/>\n<meta property=\"og:type\" content=\"article\" \/>\n<meta property=\"og:title\" content=\"316L stainless steel Static mixer\" \/>\n<meta property=\"og:description\" content=\"Hygienic static mixer for pharma\/food. 316L SS, tri-clamp, CIP\/SIP, FDA\/GMP compliant. No moving parts, low pressure drop. Custom sizes. Efficient blending\" \/>\n<meta property=\"og:url\" content=\"https:\/\/www.hongtaivalve.com\/pt\/produto\/hongtaivalve-stainless-steel-static-mixer-sizedn15-dn150\/\" \/>\n<meta property=\"og:site_name\" content=\"Wenzhou HongTai Fluid Equipment Co.Ltd\" \/>\n<meta property=\"article:modified_time\" content=\"2025-05-29T05:34:43+00:00\" \/>\n<meta property=\"og:image\" content=\"https:\/\/www.hongtaivalve.com\/wp-content\/uploads\/2025\/02\/\u767d\u5e952-min.jpg\" \/>\n\t<meta property=\"og:image:width\" content=\"800\" \/>\n\t<meta property=\"og:image:height\" content=\"800\" \/>\n\t<meta property=\"og:image:type\" content=\"image\/jpeg\" \/>\n<meta name=\"twitter:card\" content=\"summary_large_image\" \/>\n<meta name=\"twitter:label1\" content=\"Tempo estimado de leitura\" \/>\n\t<meta name=\"twitter:data1\" content=\"4 minutos\" \/>\n<script type=\"application\/ld+json\" class=\"yoast-schema-graph\">{\"@context\":\"https:\/\/schema.org\",\"@graph\":[{\"@type\":\"WebPage\",\"@id\":\"https:\/\/www.hongtaivalve.com\/product\/hongtaivalve-stainless-steel-static-mixer-sizedn15-dn150\/\",\"url\":\"https:\/\/www.hongtaivalve.com\/product\/hongtaivalve-stainless-steel-static-mixer-sizedn15-dn150\/\",\"name\":\"316L stainless steel Static mixer\",\"isPartOf\":{\"@id\":\"https:\/\/www.hongtaivalve.com\/#website\"},\"primaryImageOfPage\":{\"@id\":\"https:\/\/www.hongtaivalve.com\/product\/hongtaivalve-stainless-steel-static-mixer-sizedn15-dn150\/#primaryimage\"},\"image\":{\"@id\":\"https:\/\/www.hongtaivalve.com\/product\/hongtaivalve-stainless-steel-static-mixer-sizedn15-dn150\/#primaryimage\"},\"thumbnailUrl\":\"https:\/\/www.hongtaivalve.com\/wp-content\/uploads\/2025\/02\/\u767d\u5e952-min.jpg\",\"datePublished\":\"2025-02-21T05:27:56+00:00\",\"dateModified\":\"2025-05-29T05:34:43+00:00\",\"description\":\"Hygienic static mixer for pharma\/food. 316L SS, tri-clamp, CIP\/SIP, FDA\/GMP compliant. No moving parts, low pressure drop. Custom sizes. Efficient blending\",\"breadcrumb\":{\"@id\":\"https:\/\/www.hongtaivalve.com\/product\/hongtaivalve-stainless-steel-static-mixer-sizedn15-dn150\/#breadcrumb\"},\"inLanguage\":\"pt-PT\",\"potentialAction\":[{\"@type\":\"ReadAction\",\"target\":[\"https:\/\/www.hongtaivalve.com\/product\/hongtaivalve-stainless-steel-static-mixer-sizedn15-dn150\/\"]}]},{\"@type\":\"ImageObject\",\"inLanguage\":\"pt-PT\",\"@id\":\"https:\/\/www.hongtaivalve.com\/product\/hongtaivalve-stainless-steel-static-mixer-sizedn15-dn150\/#primaryimage\",\"url\":\"https:\/\/www.hongtaivalve.com\/wp-content\/uploads\/2025\/02\/\u767d\u5e952-min.jpg\",\"contentUrl\":\"https:\/\/www.hongtaivalve.com\/wp-content\/uploads\/2025\/02\/\u767d\u5e952-min.jpg\",\"width\":800,\"height\":800},{\"@type\":\"BreadcrumbList\",\"@id\":\"https:\/\/www.hongtaivalve.com\/product\/hongtaivalve-stainless-steel-static-mixer-sizedn15-dn150\/#breadcrumb\",\"itemListElement\":[{\"@type\":\"ListItem\",\"position\":1,\"name\":\"\u9996\u9875\",\"item\":\"https:\/\/www.hongtaivalve.com\/\"},{\"@type\":\"ListItem\",\"position\":2,\"name\":\"Product\",\"item\":\"https:\/\/www.hongtaivalve.com\/product\/\"},{\"@type\":\"ListItem\",\"position\":3,\"name\":\"Hongtaivalve-Stainless steel static mixer-SizeDn15-Dn150-HTV-PRV001\"}]},{\"@type\":\"WebSite\",\"@id\":\"https:\/\/www.hongtaivalve.com\/#website\",\"url\":\"https:\/\/www.hongtaivalve.com\/\",\"name\":\"Wenzhou HongTai Fluid Equipment Co.Ltd\",\"description\":\"\",\"potentialAction\":[{\"@type\":\"SearchAction\",\"target\":{\"@type\":\"EntryPoint\",\"urlTemplate\":\"https:\/\/www.hongtaivalve.com\/?s={search_term_string}\"},\"query-input\":{\"@type\":\"PropertyValueSpecification\",\"valueRequired\":true,\"valueName\":\"search_term_string\"}}],\"inLanguage\":\"pt-PT\"}]}<\/script>\n<!-- \/ Yoast SEO plugin. -->","yoast_head_json":{"title":"316L stainless steel Static mixer","description":"Hygienic static mixer for pharma\/food. 316L SS, tri-clamp, CIP\/SIP, FDA\/GMP compliant. No moving parts, low pressure drop. Custom sizes. Efficient blending","robots":{"index":"index","follow":"follow","max-snippet":"max-snippet:-1","max-image-preview":"max-image-preview:large","max-video-preview":"max-video-preview:-1"},"canonical":"https:\/\/www.hongtaivalve.com\/pt\/produto\/hongtaivalve-stainless-steel-static-mixer-sizedn15-dn150\/","og_locale":"pt_PT","og_type":"article","og_title":"316L stainless steel Static mixer","og_description":"Hygienic static mixer for pharma\/food. 316L SS, tri-clamp, CIP\/SIP, FDA\/GMP compliant. No moving parts, low pressure drop. Custom sizes. Efficient blending","og_url":"https:\/\/www.hongtaivalve.com\/pt\/produto\/hongtaivalve-stainless-steel-static-mixer-sizedn15-dn150\/","og_site_name":"Wenzhou HongTai Fluid Equipment Co.Ltd","article_modified_time":"2025-05-29T05:34:43+00:00","og_image":[{"width":800,"height":800,"url":"https:\/\/www.hongtaivalve.com\/wp-content\/uploads\/2025\/02\/\u767d\u5e952-min.jpg","type":"image\/jpeg"}],"twitter_card":"summary_large_image","twitter_misc":{"Tempo estimado de leitura":"4 minutos"},"schema":{"@context":"https:\/\/schema.org","@graph":[{"@type":"WebPage","@id":"https:\/\/www.hongtaivalve.com\/product\/hongtaivalve-stainless-steel-static-mixer-sizedn15-dn150\/","url":"https:\/\/www.hongtaivalve.com\/product\/hongtaivalve-stainless-steel-static-mixer-sizedn15-dn150\/","name":"316L stainless steel Static mixer","isPartOf":{"@id":"https:\/\/www.hongtaivalve.com\/#website"},"primaryImageOfPage":{"@id":"https:\/\/www.hongtaivalve.com\/product\/hongtaivalve-stainless-steel-static-mixer-sizedn15-dn150\/#primaryimage"},"image":{"@id":"https:\/\/www.hongtaivalve.com\/product\/hongtaivalve-stainless-steel-static-mixer-sizedn15-dn150\/#primaryimage"},"thumbnailUrl":"https:\/\/www.hongtaivalve.com\/wp-content\/uploads\/2025\/02\/\u767d\u5e952-min.jpg","datePublished":"2025-02-21T05:27:56+00:00","dateModified":"2025-05-29T05:34:43+00:00","description":"Hygienic static mixer for pharma\/food. 316L SS, tri-clamp, CIP\/SIP, FDA\/GMP compliant. No moving parts, low pressure drop. Custom sizes. Efficient blending","breadcrumb":{"@id":"https:\/\/www.hongtaivalve.com\/product\/hongtaivalve-stainless-steel-static-mixer-sizedn15-dn150\/#breadcrumb"},"inLanguage":"pt-PT","potentialAction":[{"@type":"ReadAction","target":["https:\/\/www.hongtaivalve.com\/product\/hongtaivalve-stainless-steel-static-mixer-sizedn15-dn150\/"]}]},{"@type":"ImageObject","inLanguage":"pt-PT","@id":"https:\/\/www.hongtaivalve.com\/product\/hongtaivalve-stainless-steel-static-mixer-sizedn15-dn150\/#primaryimage","url":"https:\/\/www.hongtaivalve.com\/wp-content\/uploads\/2025\/02\/\u767d\u5e952-min.jpg","contentUrl":"https:\/\/www.hongtaivalve.com\/wp-content\/uploads\/2025\/02\/\u767d\u5e952-min.jpg","width":800,"height":800},{"@type":"BreadcrumbList","@id":"https:\/\/www.hongtaivalve.com\/product\/hongtaivalve-stainless-steel-static-mixer-sizedn15-dn150\/#breadcrumb","itemListElement":[{"@type":"ListItem","position":1,"name":"\u9996\u9875","item":"https:\/\/www.hongtaivalve.com\/"},{"@type":"ListItem","position":2,"name":"Product","item":"https:\/\/www.hongtaivalve.com\/product\/"},{"@type":"ListItem","position":3,"name":"Hongtaivalve-Stainless steel static mixer-SizeDn15-Dn150-HTV-PRV001"}]},{"@type":"WebSite","@id":"https:\/\/www.hongtaivalve.com\/#website","url":"https:\/\/www.hongtaivalve.com\/","name":"Wenzhou HongTai Fluid Equipment Co.Ltd","description":"","potentialAction":[{"@type":"SearchAction","target":{"@type":"EntryPoint","urlTemplate":"https:\/\/www.hongtaivalve.com\/?s={search_term_string}"},"query-input":{"@type":"PropertyValueSpecification","valueRequired":true,"valueName":"search_term_string"}}],"inLanguage":"pt-PT"}]}},"_links":{"self":[{"href":"https:\/\/www.hongtaivalve.com\/pt\/wp-json\/wp\/v2\/product\/6315","targetHints":{"allow":["GET"]}}],"collection":[{"href":"https:\/\/www.hongtaivalve.com\/pt\/wp-json\/wp\/v2\/product"}],"about":[{"href":"https:\/\/www.hongtaivalve.com\/pt\/wp-json\/wp\/v2\/types\/product"}],"replies":[{"embeddable":true,"href":"https:\/\/www.hongtaivalve.com\/pt\/wp-json\/wp\/v2\/comments?post=6315"}],"wp:featuredmedia":[{"embeddable":true,"href":"https:\/\/www.hongtaivalve.com\/pt\/wp-json\/wp\/v2\/media\/6344"}],"wp:attachment":[{"href":"https:\/\/www.hongtaivalve.com\/pt\/wp-json\/wp\/v2\/media?parent=6315"}],"wp:term":[{"taxonomy":"product_brand","embeddable":true,"href":"https:\/\/www.hongtaivalve.com\/pt\/wp-json\/wp\/v2\/product_brand?post=6315"},{"taxonomy":"product_cat","embeddable":true,"href":"https:\/\/www.hongtaivalve.com\/pt\/wp-json\/wp\/v2\/product_cat?post=6315"},{"taxonomy":"product_tag","embeddable":true,"href":"https:\/\/www.hongtaivalve.com\/pt\/wp-json\/wp\/v2\/product_tag?post=6315"}],"curies":[{"name":"wp","href":"https:\/\/api.w.org\/{rel}","templated":true}]}}